{"id":197,"date":"2023-04-11T18:08:31","date_gmt":"2023-04-11T16:08:31","guid":{"rendered":"https:\/\/amblubiana.esteri.it\/chi-siamo\/la-rete-consolare\/"},"modified":"2026-03-26T11:08:56","modified_gmt":"2026-03-26T10:08:56","slug":"la-rete-consolare","status":"publish","type":"page","link":"https:\/\/amblubiana.esteri.it\/en\/chi-siamo\/la-rete-consolare\/","title":{"rendered":"The Consular Network"},"content":{"rendered":"<p><strong>Consular Network<\/strong><\/p>\n<p>&nbsp;<\/p>\n<p>The Italian diplomatic-consular network in Slovenia includes the Embassy in Ljubljana and the <a href=\"https:\/\/conscapodistria.esteri.it\/it\/\">Consulate General in Koper \u2013 The official website of the Consulate General of Italy in Koper<\/a><\/p>\n<p>The Embassy&#8217;s territorial jurisdiction in consular and visa matters covers the entire country, with the exception of the following municipalities:<\/p>\n<p>Koper; Ankaran; Piran; Izola; Se\u017eana; Hrpelje-Kozina; Komen; Diva\u010da; Ilirska Bistrica; Postojna; Pivka; Ajdov\u0161\u010dina; Vipava; Nova Gorica; Ren\u010de-Vogrsko; Miren-Kostanjevica; Brda; Kanal; Idrija; Cerkno; Tolmin; Kobarid; Bovec; \u0160empeter-Vrtojba.<\/p>\n<p><strong>\u00a0<\/strong><\/p>\n<p><strong>Consular Office at the Embassy of Italy in Ljubljana<\/strong><\/p>\n<p>Sne\u017eni\u0161ka ulica 8, 1000 LjubljanaThe Embassy is open to the public on weekdays from 9:00 a.m. to 12:00 a.m., Monday to Friday, BY APPOINTMENT ONLY, which should preferably be requested by email to the relevant section (see list of offices).<\/p>\n<p>The switchboard is open from 9:00 a.m. to 4:30 p.m., Monday to Thursday, and from 9:00 a.m. to 4:00 p.m. on Friday (excluding public holidays \u2013 please see the list below for a list of public holidays).<\/p>\n<p><strong>\u00a0<\/strong><\/p>\n<p><strong>Embassy telephone and fax numbers<\/strong><\/p>\n<p>tel. 00386 1 4262194 \/ 4262320<\/p>\n<p>fax 00386 1 4253302<\/p>\n<p>e-mail: <a href=\"mailto:consolare.lubiana@esteri.it\">consolare.lubiana@esteri.it<\/a><\/p>\n<p>Pec: <a href=\"mailto:amb.lubiana.consolare@cert.esteri.it\">amb.lubiana.consolare@cert.esteri.it<\/a><\/p>\n<p>&nbsp;<\/p>\n<p><a href=\"https:\/\/conscapodistria.esteri.it\/it\/\">Consulate General of Italy in Koper \u2013 The official website of the Consulate General of Italy in Koper<\/a><\/p>\n<p>Riva Belvedere, 2 \u2013 6000 Koper<\/p>\n<p>telephone: 003865 6273 747<\/p>\n<p>e-mail: <a href=\"mailto:consgen.capodistria@esteri.it\">consgen.capodistria@esteri.it<\/a><\/p>\n<p><strong>mobile<\/strong>: 00 386 64 298224 (to be used outside office hours, only in case of serious emergencies)<\/p>\n<p>&nbsp;<\/p>\n<p><strong>The Consulate is open to the public on weekdays from Monday to Friday from 9:00 a.m. to 11:00 a.m.<\/strong><\/p>\n<p>Outside these hours, appointments can be made by calling 00386 5 6273 747 or sending an email to <a href=\"mailto:capodistria.consolare@esteri.it\">capodistria.consolare@esteri.it<\/a>.<\/p>\n<p>&nbsp;<\/p>\n","protected":false},"excerpt":{"rendered":"Consular Network &nbsp; The Italian diplomatic-consular network in Slovenia includes the Embassy in Ljubljana and the Consulate General in Koper \u2013 The official website of the Consulate General of Italy in Koper The Embassy&#8217;s territorial jurisdiction in consular and visa matters covers the entire country, with the exception of the following municipalities: Koper; Ankaran; Piran; [&hellip;]","protected":false},"author":1,"featured_media":0,"parent":158,"menu_order":8,"comment_status":"closed","ping_status":"closed","template":"","meta":{"footnotes":""},"class_list":["post-197","page","type-page","status-publish","hentry"],"_links":{"self":[{"href":"https:\/\/amblubiana.esteri.it\/en\/wp-json\/wp\/v2\/pages\/197","targetHints":{"allow":["GET"]}}],"collection":[{"href":"https:\/\/amblubiana.esteri.it\/en\/wp-json\/wp\/v2\/pages"}],"about":[{"href":"https:\/\/amblubiana.esteri.it\/en\/wp-json\/wp\/v2\/types\/page"}],"author":[{"embeddable":true,"href":"https:\/\/amblubiana.esteri.it\/en\/wp-json\/wp\/v2\/users\/1"}],"replies":[{"embeddable":true,"href":"https:\/\/amblubiana.esteri.it\/en\/wp-json\/wp\/v2\/comments?post=197"}],"version-history":[{"count":2,"href":"https:\/\/amblubiana.esteri.it\/en\/wp-json\/wp\/v2\/pages\/197\/revisions"}],"predecessor-version":[{"id":6232,"href":"https:\/\/amblubiana.esteri.it\/en\/wp-json\/wp\/v2\/pages\/197\/revisions\/6232"}],"up":[{"embeddable":true,"href":"https:\/\/amblubiana.esteri.it\/en\/wp-json\/wp\/v2\/pages\/158"}],"wp:attachment":[{"href":"https:\/\/amblubiana.esteri.it\/en\/wp-json\/wp\/v2\/media?parent=197"}],"curies":[{"name":"wp","href":"https:\/\/api.w.org\/{rel}","templated":true}]}}