{"id":6181,"date":"2024-06-05T10:56:55","date_gmt":"2024-06-05T08:56:55","guid":{"rendered":"https:\/\/amblubiana.esteri.it\/?page_id=6181"},"modified":"2026-03-25T11:28:44","modified_gmt":"2026-03-25T10:28:44","slug":"ambassadors-meetings","status":"publish","type":"page","link":"https:\/\/amblubiana.esteri.it\/en\/chi-siamo\/lambasciatore\/ambassadors-meetings\/","title":{"rendered":"Ambassador&#8217;s meetings"},"content":{"rendered":"<p>19.11.2024: Participation in the opening of the 9th Week of Italian Cuisine in the World in Piran to celebrate the Venetian roots of the Istrian town.<\/p>\n<p><a href=\"https:\/\/x.com\/CGCapodistria\/status\/1859203051384426817\">https:\/\/x.com\/CGCapodistria\/status\/1859203051384426817<\/a><\/p>\n<p>&nbsp;<\/p>\n<p>06.11.2024: Wreath-laying ceremony in memory of the Italian and Slovenian fallen resting in the \u017dale cemetery.<\/p>\n<p><a href=\"https:\/\/amblubiana.esteri.it\/it\/news\/dall_ambasciata\/2024\/10\/cerimonia-presso-il-cimitero-di-zale-a-lubiana\/\">https:\/\/amblubiana.esteri.it\/it\/news\/dall_ambasciata\/2024\/10\/cerimonia-presso-il-cimitero-di-zale-a-lubiana\/<\/a><\/p>\n<p>&nbsp;<\/p>\n<p>29.10.2024: Participation of the Ambassador in the eighth session of the Italy \u2013 Slovenia Coordinating Committee of Ministers in Brdo pri Kranju.<\/p>\n<p><a href=\"https:\/\/x.com\/MZEZ_RS\/status\/1851220363901874190\">https:\/\/x.com\/MZEZ_RS\/status\/1851220363901874190<\/a><\/p>\n<p>&nbsp;<\/p>\n<p>26.10.2024: Speech by Ambassador Giuseppe Cavagna at the commemoration ceremony for the Fallen of the First World War during the 107th anniversary of the Battle of Caporetto.<\/p>\n<p><a href=\"https:\/\/amblubiana.esteri.it\/it\/news\/dall_ambasciata\/2024\/10\/tradizionale-cerimonia-a-caporetto-in-ricordo-dei-caduti-della-grande-guerra\/\">https:\/\/amblubiana.esteri.it\/it\/news\/dall_ambasciata\/2024\/10\/tradizionale-cerimonia-a-caporetto-in-ricordo-dei-caduti-della-grande-guerra\/<\/a><\/p>\n<p>&nbsp;<\/p>\n<p>24.10.2024: Participation of the Ambassador in the Italian fashion show \u2013 the central event of the Italian Fashion Month in Slovenia.<\/p>\n<p><a href=\"https:\/\/www.rtvslo.si\/rtv365\/arhiv\/175082183?s=tv_ita\">https:\/\/www.rtvslo.si\/rtv365\/arhiv\/175082183?s=tv_ita<\/a><\/p>\n<p>&nbsp;<\/p>\n<p>23.10.2024: The Ambassador assisted the Undersecretary of State, Sen. Barbaro, on the occasion of the tenth session of the Parties to the Convention on the Protection and Use of Transboundary Watercourses and International Lakes (the so-called Water Convention).<\/p>\n<p><a href=\"https:\/\/www.adnkronos.com\/economia\/ambiente-barbaro-successo-per-litalia-da-oggi-nel-bureau-della-convezione-acque_6w9lQbc4eNBeHWoqLhkfIy\">https:\/\/www.adnkronos.com\/economia\/ambiente-barbaro-successo-per-litalia-da-oggi-nel-bureau-della-convezione-acque_6w9lQbc4eNBeHWoqLhkfIy<\/a><\/p>\n<p>&nbsp;<\/p>\n<p>17.10.2024: Speech by Ambassador Cavagna at the press conference for the launch of the fourth edition of the Italian Fashion Month in Slovenia.<\/p>\n<p><a href=\"https:\/\/x.com\/ItalyinSlovenia\/status\/1847266289217122633\">https:\/\/x.com\/ItalyinSlovenia\/status\/1847266289217122633<\/a><\/p>\n<p>&nbsp;<\/p>\n<p>16.10.2024: Participation of Ambassador Cavagna in the presentation of the book \u201cA cavallo del muro. I miei giorni nell\u2019Europa dell\u2019Est\u201d by Demetrio Volcic, in the presence of curators Possamai and Semoli\u010d.<\/p>\n<p><a href=\"https:\/\/x.com\/ItalyinSlovenia\/status\/1846879307093745839\">https:\/\/x.com\/ItalyinSlovenia\/status\/1846879307093745839<\/a><\/p>\n<p>&nbsp;<\/p>\n<p>14.10.2024: Inaugural speech by Ambassador Cavagna on the occasion of the 24th edition of the Week of the Italian Language in the World.<\/p>\n<p><a href=\"https:\/\/x.com\/ItalyinSlovenia\/status\/1844334775370383769\">https:\/\/x.com\/ItalyinSlovenia\/status\/1844334775370383769<\/a><\/p>\n<p>&nbsp;<\/p>\n<p>11.10.2024: Participation of Ambassador Cavagna in the Debate on Economic Diplomacy organised by the French-Slovenian Business Club.<\/p>\n<p><a href=\"https:\/\/www.gov.si\/en\/news\/2024-10-14-economic-diplomacy-at-the-event-of-the-french-slovenian-business-club-and-the-chamber-of-commerce-and-industry\/\">https:\/\/www.gov.si\/en\/news\/2024-10-14-economic-diplomacy-at-the-event-of-the-french-slovenian-business-club-and-the-chamber-of-commerce-and-industry\/<\/a><\/p>\n<p>&nbsp;<\/p>\n<p>30.09.2024: Visit of Ambassador Cavagna to the NATO Mountain Warfare Centre of Excellence in Polj\u010de.<\/p>\n<p><a href=\"https:\/\/www.mwcoe.org\/visit-of-italian-ambassador-giuseppe-cavagna-shaping-the-future-of-mountain-combat\/\">https:\/\/www.mwcoe.org\/visit-of-italian-ambassador-giuseppe-cavagna-shaping-the-future-of-mountain-combat\/<\/a><\/p>\n<p>&nbsp;<\/p>\n<p>18.09.2024: Visit of Ambassador Cavagna to the Self-Governing National Community of Piran and meeting with the Mayor of Piran.<\/p>\n<p><a href=\"https:\/\/m.facebook.com\/comunitapirano\/photos\/ringraziamo-lambasciatore-ditalia-in-slovenia-giuseppe-cavagna-e-il-console-gene\/930361462458206\/\">https:\/\/m.facebook.com\/comunitapirano\/photos\/ringraziamo-lambasciatore-ditalia-in-slovenia-giuseppe-cavagna-e-il-console-gene\/930361462458206\/<\/a><\/p>\n<p>&nbsp;<\/p>\n<p>10.09.2024: Inauguration, together with the President of the Slovenian Paralympic Committee Damijan Lazar, of the clock counting down the days to the Milano\/Cortina 2026 Paralympics.<\/p>\n<p><a href=\"https:\/\/amblubiana.esteri.it\/it\/news\/dall_ambasciata\/2024\/09\/cerimonia-per-gli-atleti-paralimpici\/\">https:\/\/amblubiana.esteri.it\/it\/news\/dall_ambasciata\/2024\/09\/cerimonia-per-gli-atleti-paralimpici\/<\/a><\/p>\n<p>&nbsp;<\/p>\n<p>02.09.2024: Inaugural speech by the Ambassador on the occasion of the concert by the Teatro alla Scala Orchestra of Milan, conducted by Maestro Riccardo Chailly, as part of the Ljubljana Festival.<\/p>\n<p><a href=\"https:\/\/amblubiana.esteri.it\/it\/news\/dall_ambasciata\/2024\/09\/concerto-della-filarmonica-della-scala\/\">https:\/\/amblubiana.esteri.it\/it\/news\/dall_ambasciata\/2024\/09\/concerto-della-filarmonica-della-scala\/<\/a><\/p>\n<p>&nbsp;<\/p>\n<p>08.07.2024: Inaugural speech by the Ambassador on the occasion of the performance of \u201cIl Trovatore\u201d by the Maggio Musicale Fiorentino, conducted by Maestro Zubin Mehta, as part of the Ljubljana Festival.<\/p>\n<p><a href=\"https:\/\/amblubiana.esteri.it\/it\/news\/dall_ambasciata\/2024\/07\/il-trovatore-di-giuseppe-verdi-a-lubiana\/\">https:\/\/amblubiana.esteri.it\/it\/news\/dall_ambasciata\/2024\/07\/il-trovatore-di-giuseppe-verdi-a-lubiana\/<\/a><\/p>\n<p>&nbsp;<\/p>\n<p>02.07.2024: Meeting of Ambassador Cavagna with the Chairman of the Foreign Affairs Committee of the National Assembly, Hon. Predrag Bakovi\u0107.<\/p>\n<p><a href=\"https:\/\/x.com\/ItalyinSlovenia\/status\/1808134412766155230\">https:\/\/x.com\/ItalyinSlovenia\/status\/1808134412766155230<\/a><\/p>\n<p>&nbsp;<\/p>\n<p>27.06.2024: The Ambassador hosted the Committee of Italian Entrepreneurs at the Residence.<\/p>\n<p>&nbsp;<\/p>\n<p>18.06.2024: The Ambassador accompanied the Minister of the Interior, Matteo Piantedosi, on the occasion of his visit to Nova Gorica and Caporetto.<\/p>\n<p><a href=\"https:\/\/x.com\/ItalyinSlovenia\/status\/1803105603155362178\">https:\/\/x.com\/ItalyinSlovenia\/status\/1803105603155362178<\/a><\/p>\n<p>&nbsp;<\/p>\n<p>05.06.2024: The Ambassador celebrated the Italian Republic Day in Ljubljana with a reception at the National Gallery.<\/p>\n<p><a href=\"https:\/\/amblubiana.esteri.it\/it\/news\/dall_ambasciata\/2024\/06\/4503\/\">https:\/\/amblubiana.esteri.it\/it\/news\/dall_ambasciata\/2024\/06\/4503\/<\/a><\/p>\n<p>&nbsp;<\/p>\n<p>29.05.2024: The President of the National Council (the upper house of Parliament), Marko Lotri\u010d, received the Italian Ambassador Giuseppe Cavagna.<\/p>\n<p><a href=\"https:\/\/x.com\/DrzavniSvet\/status\/1795738121415585921\">https:\/\/x.com\/DrzavniSvet\/status\/1795738121415585921<\/a><\/p>\n<p>&nbsp;<\/p>\n<p>06.05.2024: Ambassador Cavagna met institutional representatives of the Italian National Community in Koper.<\/p>\n<p><a href=\"https:\/\/www.rtvslo.si\/rtv365\/arhiv\/175043741?s=tv_ita\">https:\/\/www.rtvslo.si\/rtv365\/arhiv\/175043741?s=tv_ita<\/a><\/p>\n<p>&nbsp;<\/p>\n<p>09.04.2024: The Slovenian Foreign Minister Tanja Fajon received Ambassador Cavagna. They shared the importance of continuing support for Ukraine, promoting EU enlargement to the Western Balkans, and further deepening bilateral relations.<\/p>\n<p><a href=\"https:\/\/x.com\/ItalyinSlovenia\/status\/1778381075078631872\">https:\/\/x.com\/ItalyinSlovenia\/status\/1778381075078631872<\/a><\/p>\n<p>&nbsp;<\/p>\n<p>03.04.2024: Ambassador Cavagna was received by the President of the Slovenian National Assembly, Ur\u0161ka Klako\u010dar Zupan\u010di\u010d. Strong interest in strengthening bilateral relations and a shared desire to develop and deepen the parliamentary dialogue between Italy and Slovenia.<\/p>\n<p>&nbsp;<\/p>\n<p>13.03.2024: Ambassador Giuseppe Cavagna presented his credentials to the President of the Republic of Slovenia, Nata\u0161a Pirc Musar. Full agreement on the strength of the ties uniting Italy and Slovenia and a shared desire to strengthen them further.<\/p>\n<p><a href=\"https:\/\/x.com\/ItalyinSlovenia\/status\/1767888469295079746\">https:\/\/x.com\/ItalyinSlovenia\/status\/1767888469295079746<\/a><\/p>\n<p>&nbsp;<\/p>\n<p>05.03.2024: Cordial meeting between Ambassador Cavagna and Ambassador Nata\u0161a Prah, Head of Diplomatic Protocol at the Ministry of Foreign and European Affairs, on the occasion of the presentation of the copies of the Credentials.<\/p>\n<p><a href=\"https:\/\/x.com\/ItalyinSlovenia\/status\/1765022968961192231\">https:\/\/x.com\/ItalyinSlovenia\/status\/1765022968961192231<\/a><\/p>\n<p>&nbsp;<\/p>\n<p>&nbsp;<\/p>\n<p>&nbsp;<\/p>\n<p>&nbsp;<\/p>\n<p>&nbsp;<\/p>\n<p>&nbsp;<\/p>\n","protected":false},"excerpt":{"rendered":"19.11.2024: Participation in the opening of the 9th Week of Italian Cuisine in the World in Piran to celebrate the Venetian roots of the Istrian town. https:\/\/x.com\/CGCapodistria\/status\/1859203051384426817 &nbsp; 06.11.2024: Wreath-laying ceremony in memory of the Italian and Slovenian fallen resting in the \u017dale cemetery. https:\/\/amblubiana.esteri.it\/it\/news\/dall_ambasciata\/2024\/10\/cerimonia-presso-il-cimitero-di-zale-a-lubiana\/ &nbsp; 29.10.2024: Participation of the Ambassador in the eighth session [&hellip;]","protected":false},"author":6,"featured_media":0,"parent":189,"menu_order":0,"comment_status":"closed","ping_status":"closed","template":"","meta":{"footnotes":""},"class_list":["post-6181","page","type-page","status-publish","hentry"],"_links":{"self":[{"href":"https:\/\/amblubiana.esteri.it\/en\/wp-json\/wp\/v2\/pages\/6181","targetHints":{"allow":["GET"]}}],"collection":[{"href":"https:\/\/amblubiana.esteri.it\/en\/wp-json\/wp\/v2\/pages"}],"about":[{"href":"https:\/\/amblubiana.esteri.it\/en\/wp-json\/wp\/v2\/types\/page"}],"author":[{"embeddable":true,"href":"https:\/\/amblubiana.esteri.it\/en\/wp-json\/wp\/v2\/users\/6"}],"replies":[{"embeddable":true,"href":"https:\/\/amblubiana.esteri.it\/en\/wp-json\/wp\/v2\/comments?post=6181"}],"version-history":[{"count":1,"href":"https:\/\/amblubiana.esteri.it\/en\/wp-json\/wp\/v2\/pages\/6181\/revisions"}],"predecessor-version":[{"id":6184,"href":"https:\/\/amblubiana.esteri.it\/en\/wp-json\/wp\/v2\/pages\/6181\/revisions\/6184"}],"up":[{"embeddable":true,"href":"https:\/\/amblubiana.esteri.it\/en\/wp-json\/wp\/v2\/pages\/189"}],"wp:attachment":[{"href":"https:\/\/amblubiana.esteri.it\/en\/wp-json\/wp\/v2\/media?parent=6181"}],"curies":[{"name":"wp","href":"https:\/\/api.w.org\/{rel}","templated":true}]}}