{"id":123,"date":"2023-09-25T15:18:30","date_gmt":"2023-09-25T13:18:30","guid":{"rendered":"https:\/\/ambasciatatirana.esteri.it\/?page_id=123"},"modified":"2024-01-08T11:51:23","modified_gmt":"2024-01-08T10:51:23","slug":"contatti","status":"publish","type":"page","link":"https:\/\/amblubiana.esteri.it\/it\/chi-siamo\/contatti\/","title":{"rendered":"Contatti"},"content":{"rendered":"<div class=\"textwidget\">\n<p><strong>Ambasciata d\u2019Italia a Lubiana<\/strong><\/p>\n<p>Sne\u017eni\u0161ka ulica 8<br \/>\n1000 Ljubljana<\/p>\n<p>Tel.\u00a0\u00a0 00 386 1 4262194 \/ 4262320 \/ 4258659<\/p>\n<p><strong>Email:<\/strong><\/p>\n<p><strong>Segreteria e Archivio <\/strong><\/p>\n<ul>\n<li><a href=\"mailto:segreteria.lubiana@esteri.it\">segreteria.lubiana@esteri.it<\/a><\/li>\n<li><a href=\"mailto:archivio.lubiana@esteri.it\">archivio.lubiana@esteri.it<\/a><\/li>\n<\/ul>\n<p><strong>Contabilit\u00e0<\/strong><\/p>\n<ul>\n<li><a href=\"mailto:contabilita.lubiana@esteri.it\">contabilita.lubiana@esteri.it<\/a><\/li>\n<\/ul>\n<p><strong>Stampa<\/strong><\/p>\n<ul>\n<li><a href=\"mailto:stampa.lubiana@esteri.it\">stampa.lubiana@esteri.it<\/a><\/li>\n<\/ul>\n<p><strong>Ufficio consolare <\/strong><\/p>\n<ul>\n<li><a href=\"mailto:consolare.lubiana@esteri.it\">consolare.lubiana@esteri.it<\/a><\/li>\n<\/ul>\n<p><strong>PEC:<\/strong><\/p>\n<ul>\n<li><a href=\"mailto:amb.lubiana.consolare@cert.esteri.it\">amb.lubiana.consolare@cert.esteri.it<\/a> (ufficio consolare)<\/li>\n<li><a href=\"mailto:amb.lubiana.pass@cert.esteri.it\">amb.lubiana.pass@cert.esteri.it<\/a> (ufficio passaporti)<\/li>\n<li><a href=\"mailto:amb.lubiana@cert.esteri.it\">amb.lubiana@cert.esteri.it<\/a> (segreteria e archivio)<\/li>\n<\/ul>\n<p><strong>Cell. di reperibilit\u00e0\u00a0 00 386 41 736 773 <\/strong><\/p>\n<p>E\u2019 assicurata la reperibilit\u00e0 fuori dell\u2019orario d\u2019ufficio (dopo le 16:30 dal luned\u00ec al gioved\u00ec e dopo le 16:00 il venerd\u00ec), il sabato, la domenica e i giorni festivi al\u00a0seguente numero (<em>Esclusivamente per casi di emergenza e non per informazioni di qualsiasi tipo<\/em>).<\/p>\n<\/div>\n","protected":false},"excerpt":{"rendered":"Ambasciata d\u2019Italia a Lubiana Sne\u017eni\u0161ka ulica 8 1000 Ljubljana Tel.\u00a0\u00a0 00 386 1 4262194 \/ 4262320 \/ 4258659 Email: Segreteria e Archivio segreteria.lubiana@esteri.it archivio.lubiana@esteri.it Contabilit\u00e0 contabilita.lubiana@esteri.it Stampa stampa.lubiana@esteri.it Ufficio consolare consolare.lubiana@esteri.it PEC: amb.lubiana.consolare@cert.esteri.it (ufficio consolare) amb.lubiana.pass@cert.esteri.it (ufficio passaporti) amb.lubiana@cert.esteri.it (segreteria e archivio) Cell. di reperibilit\u00e0\u00a0 00 386 41 736 773 E\u2019 assicurata la reperibilit\u00e0 fuori [&hellip;]","protected":false},"author":1,"featured_media":0,"parent":13,"menu_order":4,"comment_status":"closed","ping_status":"closed","template":"","meta":{"footnotes":""},"class_list":["post-123","page","type-page","status-publish","hentry"],"_links":{"self":[{"href":"https:\/\/amblubiana.esteri.it\/it\/wp-json\/wp\/v2\/pages\/123","targetHints":{"allow":["GET"]}}],"collection":[{"href":"https:\/\/amblubiana.esteri.it\/it\/wp-json\/wp\/v2\/pages"}],"about":[{"href":"https:\/\/amblubiana.esteri.it\/it\/wp-json\/wp\/v2\/types\/page"}],"author":[{"embeddable":true,"href":"https:\/\/amblubiana.esteri.it\/it\/wp-json\/wp\/v2\/users\/1"}],"replies":[{"embeddable":true,"href":"https:\/\/amblubiana.esteri.it\/it\/wp-json\/wp\/v2\/comments?post=123"}],"version-history":[{"count":5,"href":"https:\/\/amblubiana.esteri.it\/it\/wp-json\/wp\/v2\/pages\/123\/revisions"}],"predecessor-version":[{"id":3983,"href":"https:\/\/amblubiana.esteri.it\/it\/wp-json\/wp\/v2\/pages\/123\/revisions\/3983"}],"up":[{"embeddable":true,"href":"https:\/\/amblubiana.esteri.it\/it\/wp-json\/wp\/v2\/pages\/13"}],"wp:attachment":[{"href":"https:\/\/amblubiana.esteri.it\/it\/wp-json\/wp\/v2\/media?parent=123"}],"curies":[{"name":"wp","href":"https:\/\/api.w.org\/{rel}","templated":true}]}}