{"id":14,"date":"2023-04-11T17:08:52","date_gmt":"2023-04-11T15:08:52","guid":{"rendered":"https:\/\/ambasciatapraga.esteri.it\/?page_id=14"},"modified":"2023-11-10T15:45:10","modified_gmt":"2023-11-10T14:45:10","slug":"italia-e-slovenia","status":"publish","type":"page","link":"https:\/\/amblubiana.esteri.it\/it\/italia-e-slovenia\/","title":{"rendered":"Italia e Slovenia"},"content":{"rendered":"<p class=\"boxLevel03\">Paesi confinanti, amici e alleati, Italia e Slovenia possono contare su forti legami storici, politici, economici, commerciali e culturali. Roma e Lubiana vantano una cooperazione diversificata in molti settori, incluso quello militare e di polizia con una interazione non solo tra le Istituzioni, ma anche tra i sistemi produttivi, le organizzazioni accademiche, culturali, scientifiche. In tale contesto di partenariato si inserisce anche l\u2019adesione comune all\u2019Unione Europea e alla NATO. Gli incontri istituzionali a Lubiana svolti il 17 marzo 2023 dal Vice Presidente del Consiglio e Ministro degli Affari Esteri e della Cooperazione Internazionale, On. Antonio Tajani, e la prima visita ufficiale a Roma della Presidente della Repubblica di Slovenia, Nata\u0161a Pirc Musar, ed i colloqui con il Presidente della Repubblica Sergio Mattarella, hanno rilanciato e rafforzato in maniera significativa le relazioni bilaterali tra Roma e Lubiana, dopo il rinnovamento dei vertici istituzionali in entrambi i Paesi avvenuto nel corso del 2022.<\/p>\n<p>Con un interscambio di poco meno di 14 miliardi di euro nel 2022, l\u2019Italia ha confermato il suo ruolo di secondo partner commerciale della Slovenia in ambito Unione Europea e terzo a livello globale. Secondo dati SACE, nel 2022 la Slovenia \u00e8 stato il 17\u00b0 partner dell\u2019Italia nel mondo, conservando anche il suo storico ruolo di nostro principale partner commerciale fra i Paesi dell\u2019ex Jugoslavia.<\/p>\n<p>Anche la collaborazione accademica \u00e8 estremamente vivace, con quasi 50 accordi interuniversitari in corso. La presenza di una minoranza italiana autoctona in Slovenia e di una slovena in Italia, che continuano a svolgere un importante ruolo di ponte tra i due Paesi, costituisce un fattore aggiunto ed un arricchimento della relazione bilaterale. La vitalit\u00e0 dei rapporti culturali \u00e8 infatti favorita anche sotto il profilo linguistico non solo dall\u2019appartenenza di entrambi i Paesi all\u2019Unione Europea &#8211; che consente alle loro istituzioni di cooperare anche nel quadro dei programmi europei \u2013 ma anche dalla presenza nei rispettivi territori di tali attive minoranze nazionali.<\/p>\n<p>In questo contesto, la designazione congiunta di Gorizia e Nova Gorica a \u201cCapitale Europea della Cultura 2025\u201d rappresenta il primo caso di portata storica in cui tale importante riconoscimento viene assegnato a citt\u00e0 confinanti situate in due Paesi diversi. Si tratta di un progetto che non mancher\u00e0 di provocare positive ricadute non solo sugli aspetti di carattere culturale, enogastronomico e turistico, ma che potr\u00e0 avere anche un significativo impatto sul territorio, derivante da interventi di riqualificazione territoriale e urbana, con investimenti nel settore infrastrutturale e dei trasporti.<\/p>\n<p>La Slovenia \u00e8 insieme alla Croazia coinvolta in un esercizio di cooperazione Trilaterale con l\u2019Italia in Nord Adriatico articolato in settori strategici fra quali trasporti e connettivit\u00e0, tutela dell\u2019ambiente, sicurezza marittima e cooperazione portuale.<\/p>\n<p>&nbsp;<\/p>\n<p><img decoding=\"async\" src=\"https:\/\/amblubiana.esteri.it\/wp-content\/uploads\/2023\/11\/incontro_mattarella-pirc_musar-768x512.jpg\" alt=\"incontro_mattarella-pirc_musar\" \/><\/p>\n<p>&nbsp;<\/p>\n","protected":false},"excerpt":{"rendered":"Paesi confinanti, amici e alleati, Italia e Slovenia possono contare su forti legami storici, politici, economici, commerciali e culturali. Roma e Lubiana vantano una cooperazione diversificata in molti settori, incluso quello militare e di polizia con una interazione non solo tra le Istituzioni, ma anche tra i sistemi produttivi, le organizzazioni accademiche, culturali, scientifiche. In [&hellip;]","protected":false},"author":1,"featured_media":0,"parent":0,"menu_order":4,"comment_status":"closed","ping_status":"closed","template":"","meta":{"footnotes":""},"class_list":["post-14","page","type-page","status-publish","hentry"],"_links":{"self":[{"href":"https:\/\/amblubiana.esteri.it\/it\/wp-json\/wp\/v2\/pages\/14","targetHints":{"allow":["GET"]}}],"collection":[{"href":"https:\/\/amblubiana.esteri.it\/it\/wp-json\/wp\/v2\/pages"}],"about":[{"href":"https:\/\/amblubiana.esteri.it\/it\/wp-json\/wp\/v2\/types\/page"}],"author":[{"embeddable":true,"href":"https:\/\/amblubiana.esteri.it\/it\/wp-json\/wp\/v2\/users\/1"}],"replies":[{"embeddable":true,"href":"https:\/\/amblubiana.esteri.it\/it\/wp-json\/wp\/v2\/comments?post=14"}],"version-history":[{"count":6,"href":"https:\/\/amblubiana.esteri.it\/it\/wp-json\/wp\/v2\/pages\/14\/revisions"}],"predecessor-version":[{"id":505,"href":"https:\/\/amblubiana.esteri.it\/it\/wp-json\/wp\/v2\/pages\/14\/revisions\/505"}],"wp:attachment":[{"href":"https:\/\/amblubiana.esteri.it\/it\/wp-json\/wp\/v2\/media?parent=14"}],"curies":[{"name":"wp","href":"https:\/\/api.w.org\/{rel}","templated":true}]}}