{"id":39,"date":"2023-04-11T17:55:33","date_gmt":"2023-04-11T15:55:33","guid":{"rendered":"https:\/\/ambasciatapraga.esteri.it\/?page_id=39"},"modified":"2026-03-26T10:56:59","modified_gmt":"2026-03-26T09:56:59","slug":"la-sede","status":"publish","type":"page","link":"https:\/\/amblubiana.esteri.it\/it\/chi-siamo\/la-sede\/","title":{"rendered":"La Sede"},"content":{"rendered":"<p><strong>Ambasciata d&#8217;Italia<\/strong><\/p>\n<p>Sne\u017eni\u0161ka ulica 8<br \/>\n1000 Ljubljana<br \/>\nTel. 00 386 1 4262194\/4262320\/4258659<br \/>\nFax 00 386 1 4253302<\/p>\n<p><strong>e-mail:<\/strong><\/p>\n<ul>\n<li><a href=\"mailto:archivio.lubiana@esteri.it\">archivio.lubiana@esteri.it<\/a><\/li>\n<li><a href=\"mailto:consolare.lubiana@esteri.it\">consolare.lubiana@esteri.it<\/a><\/li>\n<li><a href=\"mailto:contabilita.lubiana@esteri.it\">contabilita.lubiana@esteri.it<\/a><\/li>\n<li><a href=\"mailto:segreteria.lubiana@esteri.it\">segreteria.lubiana@esteri.it<\/a><\/li>\n<li><a href=\"mailto:stampa.lubiana@esteri.it\">stampa.lubiana@esteri.it<\/a><\/li>\n<\/ul>\n<p><strong>Ambasciatore<\/strong> Giuseppe Cavagna<\/p>\n<p><strong>Vice Capo Missione <\/strong>Dott.ssa Anthea Sara Mazzucchelli<\/p>\n<p><strong>Coordinatore amministrativo<\/strong> Dott. Enrico Salandri<\/p>\n<p>L&#8217;Ambasciata \u00e8 aperta al pubblico nei giorni feriali dalle 9:00 alle ore 12:00, dal luned\u00ec al venerd\u00ec, SOLO SU APPUNTAMENTO da richiedere preferibilmente via posta elettronica alla Sezione corrispondente (v. elenco Uffici)<\/p>\n<p>Il centralino risponde dalle 9:00 alle 16:30, dal luned\u00ec al gioved\u00ec, e dalle 9:00 alle 16:00 il venerd\u00ec (esclusi i giorni festivi &#8211; v. lista festivit\u00e0)<\/p>\n<p>E&#8217; assicurata la reperibilita&#8217; fuori dall&#8217;orario d&#8217;ufficio e giorni festivi al seguente numero: 00 386 41 736773. (<em>Esclusivamente per casi di emergenza e non per informazioni di qualsiasi tipo<\/em>)<\/p>\n<p><strong>NUMERO UNICO DI EMERGENZA<br \/>\n<\/strong>Si segnala che e&#8217; possibile contattare gratuitamente i servizi di Pronto Intervento in qualunque Paese dell&#8217;Unione Europea, componendo il numero\u00a0 112 da qualsiasi telefono fisso o mobile.<br \/>\nIl numero 112 e&#8217; disponibile 7 giorni su 7, 24 ore su 24. Il servizio, gestito dalle Autorita&#8217; locali, e&#8217; offerto nella\/e lingua\/e ufficiale\/i del Paese e spesso anche in una lingua veicolare aggiuntiva.<\/p>\n<p><strong>Numeri di telefono e fax dell&#8217;Ambasciata<\/strong><\/p>\n<ul>\n<li>tel. 00386 1 4262194\/4262320<\/li>\n<li>fax 00386 1 4253302<\/li>\n<\/ul>\n<p><a href=\"https:\/\/conscapodistria.esteri.it\/it\/\"><strong>Consolato Generale d&#8217;Italia Capodistria &#8211; Il sito ufficiale del Consolato Generale d&#8217;Italia a Capodistria<\/strong><\/a><br \/>\nRiva Belvedere, 2<br \/>\n6000 Capodistria (Koper)<br \/>\n<strong>Console Generale<\/strong>: Dott.ssa Simona Ciuffoni<br \/>\ntelefono: 003865 6273 747<br \/>\ne-mail:\u00a0<a title=\"consgen.capodistria@esteri.it\" href=\"mailto:consgen.capodistria@esteri.it\">consgen.capodistria@esteri.it<\/a><br \/>\ncellulare: 00 386 64 298224 (da utilizzare fuori dell&#8217;orario d&#8217;ufficio, solo in caso di gravi emergenze)<br \/>\nIl Consolato \u00e8 aperto al pubblico nei giorni feriali dal luned\u00ec al venerd\u00ec dalle ore 09.00 alle ore 11.00<strong><em><br \/>\n<\/em><\/strong>Al di fuori degli orari indicati, previo appuntamento, telefonando ai numeri 00386 5 6273 747 o inviando una e-mail a\u00a0<a title=\"capodistria.consolare@esteri.it\" href=\"mailto:capodistria.consolare@esteri.it\">capodistria.consolare@esteri.it<\/a><\/p>\n<p><a href=\"https:\/\/iiclubiana.esteri.it\/it\/\"><strong>Istituto Italiano di Cultura a Lubiana &#8211; Il sito ufficiale dell&#8217;Istituto Italiano di Cultura di Lubiana<\/strong><\/a><br \/>\nSezione per la promozione culturale dell&#8217;Ambasciata d&#8217;Italia<br \/>\n<strong>Direttore: <\/strong>Dott. Andrea Tremaroli<br \/>\nBreg 12 1000 Ljubljana<br \/>\ntel. 00 386 1 2415640<br \/>\nfax 00 386 1 2415643<br \/>\ne-mail:\u00a0<a href=\"mailto:direttore.iiclubiana@esteri.it\">direttore.iiclubiana@esteri.it<\/a>;\u00a0<a href=\"mailto:addetto.iiclubiana@esteri.it\">addetto.iiclubiana@esteri.it<\/a>;\u00a0<a href=\"mailto:segreteria.iiclubiana@esteri.it\">segreteria.iiclubiana@esteri.it<\/a><\/p>\n<p><a href=\"https:\/\/www.ice.it\/it\/mercati\/slovenia\/lubiana\"><strong>ICE\/Agenzia &#8211;\u00a0Istituto<\/strong><strong>Commercio Estero a Lubiana<\/strong><\/a><br \/>\nSezione dell&#8217;Ambasciata d&#8217;Italia per la promozione degli scambi<br \/>\n<strong>Direttore:<\/strong> Dott. Giacomo Ricciotti<\/p>\n<p>Cankarjeva, 10<br \/>\n1000 Ljubljana<br \/>\ntel. 00 386 1 4224370<br \/>\nfax 00 386 1 4224375<br \/>\ne-mail:\u00a0<a href=\"mailto:lubiana.lubiana@ice.it\">lubiana.lubiana@ice.it<\/a><\/p>\n<p><strong>Calendario annuale delle festivit\u00e0<\/strong><\/p>\n<ul>\n<li>01 gennaio Capodanno<\/li>\n<li>06 gennaio Epifania<\/li>\n<li>Luned\u00ec di Pasqua<\/li>\n<li>25 aprile Anniversario della Liberazione<\/li>\n<li>01 maggio Festa del Lavoro<\/li>\n<li>02 giugno Festa nazionale della Repubblica<\/li>\n<li>25 giugno Festa nazionale slovena<\/li>\n<li>15 agosto Assunzione<\/li>\n<li>04 ottobre San Francesco d&#8217;Assisi<\/li>\n<li>01 novembre Tutti i Santi<\/li>\n<li>25 dicembre Natale<\/li>\n<li>26 dicembre Giornata dell&#8217;indipendenza slovena<\/li>\n<\/ul>\n","protected":false},"excerpt":{"rendered":"Ambasciata d&#8217;Italia Sne\u017eni\u0161ka ulica 8 1000 Ljubljana Tel. 00 386 1 4262194\/4262320\/4258659 Fax 00 386 1 4253302 e-mail: archivio.lubiana@esteri.it consolare.lubiana@esteri.it contabilita.lubiana@esteri.it segreteria.lubiana@esteri.it stampa.lubiana@esteri.it Ambasciatore Giuseppe Cavagna Vice Capo Missione Dott.ssa Anthea Sara Mazzucchelli Coordinatore amministrativo Dott. Enrico Salandri L&#8217;Ambasciata \u00e8 aperta al pubblico nei giorni feriali dalle 9:00 alle ore 12:00, dal luned\u00ec al venerd\u00ec, [&hellip;]","protected":false},"author":1,"featured_media":0,"parent":13,"menu_order":2,"comment_status":"closed","ping_status":"closed","template":"","meta":{"footnotes":""},"class_list":["post-39","page","type-page","status-publish","hentry"],"_links":{"self":[{"href":"https:\/\/amblubiana.esteri.it\/it\/wp-json\/wp\/v2\/pages\/39","targetHints":{"allow":["GET"]}}],"collection":[{"href":"https:\/\/amblubiana.esteri.it\/it\/wp-json\/wp\/v2\/pages"}],"about":[{"href":"https:\/\/amblubiana.esteri.it\/it\/wp-json\/wp\/v2\/types\/page"}],"author":[{"embeddable":true,"href":"https:\/\/amblubiana.esteri.it\/it\/wp-json\/wp\/v2\/users\/1"}],"replies":[{"embeddable":true,"href":"https:\/\/amblubiana.esteri.it\/it\/wp-json\/wp\/v2\/comments?post=39"}],"version-history":[{"count":7,"href":"https:\/\/amblubiana.esteri.it\/it\/wp-json\/wp\/v2\/pages\/39\/revisions"}],"predecessor-version":[{"id":6225,"href":"https:\/\/amblubiana.esteri.it\/it\/wp-json\/wp\/v2\/pages\/39\/revisions\/6225"}],"up":[{"embeddable":true,"href":"https:\/\/amblubiana.esteri.it\/it\/wp-json\/wp\/v2\/pages\/13"}],"wp:attachment":[{"href":"https:\/\/amblubiana.esteri.it\/it\/wp-json\/wp\/v2\/media?parent=39"}],"curies":[{"name":"wp","href":"https:\/\/api.w.org\/{rel}","templated":true}]}}