{"id":41,"date":"2023-04-11T18:07:19","date_gmt":"2023-04-11T16:07:19","guid":{"rendered":"https:\/\/ambasciatapraga.esteri.it\/?page_id=41"},"modified":"2026-03-25T14:38:03","modified_gmt":"2026-03-25T13:38:03","slug":"numeri-di-emergenza","status":"publish","type":"page","link":"https:\/\/amblubiana.esteri.it\/it\/chi-siamo\/numeri-di-emergenza\/","title":{"rendered":"Numeri di emergenza"},"content":{"rendered":"<p>L&#8217;<strong>Ambasciata d&#8217;Italia a Lubiana<\/strong> \u00e8 aperta al pubblico nei giorni feriali dal luned\u00ec al venerd\u00ec dalle 9:00 alle ore 12:00, SOLO SU APPUNTAMENTO da richiedere preferibilmente via posta elettronica alla Sezione corrispondente (<a href=\"https:\/\/amblubiana.esteri.it\/it\/chi-siamo\/gli-uffici\/\">v. elenco Uffici<\/a>).<br \/>\nIl centralino risponde dalle 9:00 alle 16:30, dal luned\u00ec al gioved\u00ec, e dalle 9:00 alle 16:00 il venerd\u00ec (esclusi i giorni festivi &#8211; v. lista festivita&#8217;).<\/p>\n<p>Per situazioni di grave emergenza (e non per informazioni di qualsiasi tipo) si prega di contattare il seguente numero, operativo dal luned\u00ec al venerd\u00ec dalle 16.30 alle 22.00 e nei giorni festivi dalle 8.00 alle 22.00: 00 386 41 736773<\/p>\n<p>Il <strong>Consolato Generale d&#8217;Italia a Capodistria<\/strong> \u00e8 aperto al pubblico nei giorni feriali dal luned\u00ec al venerd\u00ec dalle ore 09:00 alle ore 11:00 e<em><strong><br \/>\n<\/strong><\/em>al di fuori degli orari indicati telefonando ai numeri 00386 5 6273 747 o inviando una e-mail a <a href=\"mailto:capodistria.consolare@esteri.it\">capodistria.consolare@esteri.it<\/a><\/p>\n<p>Per i casi di emergenza\u00a0 all&#8217;infuori del&#8217;orario di servizio: cell. 00 386 64 298224.<\/p>\n","protected":false},"excerpt":{"rendered":"L&#8217;Ambasciata d&#8217;Italia a Lubiana \u00e8 aperta al pubblico nei giorni feriali dal luned\u00ec al venerd\u00ec dalle 9:00 alle ore 12:00, SOLO SU APPUNTAMENTO da richiedere preferibilmente via posta elettronica alla Sezione corrispondente (v. elenco Uffici). Il centralino risponde dalle 9:00 alle 16:30, dal luned\u00ec al gioved\u00ec, e dalle 9:00 alle 16:00 il venerd\u00ec (esclusi i [&hellip;]","protected":false},"author":1,"featured_media":0,"parent":13,"menu_order":6,"comment_status":"closed","ping_status":"closed","template":"","meta":{"footnotes":""},"class_list":["post-41","page","type-page","status-publish","hentry"],"_links":{"self":[{"href":"https:\/\/amblubiana.esteri.it\/it\/wp-json\/wp\/v2\/pages\/41","targetHints":{"allow":["GET"]}}],"collection":[{"href":"https:\/\/amblubiana.esteri.it\/it\/wp-json\/wp\/v2\/pages"}],"about":[{"href":"https:\/\/amblubiana.esteri.it\/it\/wp-json\/wp\/v2\/types\/page"}],"author":[{"embeddable":true,"href":"https:\/\/amblubiana.esteri.it\/it\/wp-json\/wp\/v2\/users\/1"}],"replies":[{"embeddable":true,"href":"https:\/\/amblubiana.esteri.it\/it\/wp-json\/wp\/v2\/comments?post=41"}],"version-history":[{"count":6,"href":"https:\/\/amblubiana.esteri.it\/it\/wp-json\/wp\/v2\/pages\/41\/revisions"}],"predecessor-version":[{"id":6219,"href":"https:\/\/amblubiana.esteri.it\/it\/wp-json\/wp\/v2\/pages\/41\/revisions\/6219"}],"up":[{"embeddable":true,"href":"https:\/\/amblubiana.esteri.it\/it\/wp-json\/wp\/v2\/pages\/13"}],"wp:attachment":[{"href":"https:\/\/amblubiana.esteri.it\/it\/wp-json\/wp\/v2\/media?parent=41"}],"curies":[{"name":"wp","href":"https:\/\/api.w.org\/{rel}","templated":true}]}}