{"id":42,"date":"2023-04-11T18:08:31","date_gmt":"2023-04-11T16:08:31","guid":{"rendered":"https:\/\/ambasciatapraga.esteri.it\/?page_id=42"},"modified":"2025-02-20T11:58:46","modified_gmt":"2025-02-20T10:58:46","slug":"la-rete-consolare","status":"publish","type":"page","link":"https:\/\/amblubiana.esteri.it\/it\/chi-siamo\/la-rete-consolare\/","title":{"rendered":"La Rete Consolare"},"content":{"rendered":"<p><strong>Rete Consolare<\/strong><\/p>\n<p>La rete diplomatico-consolare italiana in Slovenia comprende l&#8217;Ambasciata a Lubiana ed il\u00a0<a href=\"https:\/\/conscapodistria.esteri.it\/it\/\"><strong>Consolato Generale d&#8217;Italia Capodistria<\/strong> &#8211;<strong> Il sito ufficiale del Consolato Generale d&#8217;Italia a Capodistria<\/strong><\/a><br \/>\nLa competenza territoriale in materia di affari consolari e visti dell&#8217;Ambasciata \u00e8 l&#8217;intero Paese, ad esclusione dei seguenti comuni:<\/p>\n<p>Capodistria\/Koper; Ancarano\/Ankaran; Pirano\/Piran; Isola\/Izola; Se\u017eana; Hrpelje-Kozina; Komen; Diva\u010da; Ilirska Bistrica; Postojna; Pivka; Ajdov\u0161\u010dina; Vipava; Nova Gorica; Ren\u010de-Vogrsko; Miren-Kostanjevica; Brda; Kanal; Idrija; Cerkno; Tolmin; Kobarid; Bovec; \u0160empeter-Vrtojba.<\/p>\n<p>&nbsp;<\/p>\n<p><span style=\"text-decoration: underline;\"><strong>Cancelleria Consolare presso l&#8217; Ambasciata d&#8217;Italia a Lubiana<\/strong><\/span><\/p>\n<p>Sne\u017eni\u0161ka ulica 8,\u00a0 1000 Lubiana<strong><br \/>\n<\/strong><\/p>\n<p>L\u2019Ambasciata \u00e8 aperta al pubblico nei giorni feriali dal luned\u00ec al venerd\u00ec dalle 09,00 alle ore 11,00. Il centralino risponde dalle 8,00 alle 16,30, nei giorni feriali dal luned\u00ec al venerd\u00ec.<br \/>\nPer situazioni di grave emergenza (e non per informazioni di qualsiasi tipo) si prega di contattare il seguente numero, operativo dal luned\u00ec al venerd\u00ec dalle 16.30 alle 22.00 e nei giorni festivi dalle 8.00 alle 22.00: 00 386 41 736773<\/p>\n<p>&nbsp;<\/p>\n<p><strong>Numeri di telefono e fax dell&#8217;Ambasciata<\/strong><\/p>\n<ul>\n<li>tel.\u00a0 00386 1 4262194 \/ 4262320<\/li>\n<li>fax 00386 1 4253302<\/li>\n<\/ul>\n<p>e mail:\u00a0<a href=\"mailto:consolare.lubiana@esteri.it\">consolare.lubiana@esteri.it<\/a><\/p>\n<p>pec:\u00a0\u00a0\u00a0\u00a0\u00a0<a href=\"mailto:amb.lubiana.consolare@cert.esteri.it\">amb.lubiana.consolare@cert.esteri.it<\/a><\/p>\n<p>&nbsp;<\/p>\n<p><a href=\"https:\/\/conscapodistria.esteri.it\/it\/\"><strong>Consolato Generale d&#8217;Italia Capodistria &#8211; Il sito ufficiale del Consolato Generale d&#8217;Italia a Capodistria<\/strong><\/a><br \/>\nRiva Belvedere, 2 &#8211; 6000 Capodistria (Koper)<\/p>\n<p>telefono: 003865 6273 747<br \/>\ne-mail:\u00a0<a title=\"consgen.capodistria@esteri.it\" href=\"mailto:consgen.capodistria@esteri.it\">consgen.capodistria@esteri.it<\/a><\/p>\n<p><strong>cellulare<\/strong>: 00 386 64 298224 (da utilizzare fuori dell&#8217;orario d&#8217;ufficio, solo in caso di gravi emergenze)<\/p>\n<p><strong><em>Il Consolato \u00e8 aperto al pubblico nei giorni feriali dal luned\u00ec al venerd\u00ec dalle ore 09.00 alle ore 11.00<br \/>\n<\/em><\/strong>al di fuori degli orari indicati, previo appuntamento, telefonando ai numeri 00386 5 6273 747 o inviando una e-mail a\u00a0<a title=\"capodistria.consolare@esteri.it\" href=\"mailto:capodistria.consolare@esteri.it\">capodistria.consolare@esteri.it<\/a><\/p>\n","protected":false},"excerpt":{"rendered":"Rete Consolare La rete diplomatico-consolare italiana in Slovenia comprende l&#8217;Ambasciata a Lubiana ed il\u00a0Consolato Generale d&#8217;Italia Capodistria &#8211; Il sito ufficiale del Consolato Generale d&#8217;Italia a Capodistria La competenza territoriale in materia di affari consolari e visti dell&#8217;Ambasciata \u00e8 l&#8217;intero Paese, ad esclusione dei seguenti comuni: Capodistria\/Koper; Ancarano\/Ankaran; Pirano\/Piran; Isola\/Izola; Se\u017eana; Hrpelje-Kozina; Komen; Diva\u010da; Ilirska [&hellip;]","protected":false},"author":1,"featured_media":0,"parent":13,"menu_order":8,"comment_status":"closed","ping_status":"closed","template":"","meta":{"footnotes":""},"class_list":["post-42","page","type-page","status-publish","hentry"],"_links":{"self":[{"href":"https:\/\/amblubiana.esteri.it\/it\/wp-json\/wp\/v2\/pages\/42","targetHints":{"allow":["GET"]}}],"collection":[{"href":"https:\/\/amblubiana.esteri.it\/it\/wp-json\/wp\/v2\/pages"}],"about":[{"href":"https:\/\/amblubiana.esteri.it\/it\/wp-json\/wp\/v2\/types\/page"}],"author":[{"embeddable":true,"href":"https:\/\/amblubiana.esteri.it\/it\/wp-json\/wp\/v2\/users\/1"}],"replies":[{"embeddable":true,"href":"https:\/\/amblubiana.esteri.it\/it\/wp-json\/wp\/v2\/comments?post=42"}],"version-history":[{"count":6,"href":"https:\/\/amblubiana.esteri.it\/it\/wp-json\/wp\/v2\/pages\/42\/revisions"}],"predecessor-version":[{"id":5095,"href":"https:\/\/amblubiana.esteri.it\/it\/wp-json\/wp\/v2\/pages\/42\/revisions\/5095"}],"up":[{"embeddable":true,"href":"https:\/\/amblubiana.esteri.it\/it\/wp-json\/wp\/v2\/pages\/13"}],"wp:attachment":[{"href":"https:\/\/amblubiana.esteri.it\/it\/wp-json\/wp\/v2\/media?parent=42"}],"curies":[{"name":"wp","href":"https:\/\/api.w.org\/{rel}","templated":true}]}}