{"id":44,"date":"2023-04-11T18:10:45","date_gmt":"2023-04-11T16:10:45","guid":{"rendered":"https:\/\/ambasciatapraga.esteri.it\/?page_id=44"},"modified":"2026-04-28T15:00:50","modified_gmt":"2026-04-28T13:00:50","slug":"diplomazia-culturale","status":"publish","type":"page","link":"https:\/\/amblubiana.esteri.it\/it\/italia-e-slovenia\/diplomazia-culturale\/","title":{"rendered":"Diplomazia culturale"},"content":{"rendered":"<p class=\"boxLevel03\"><strong>Cooperazione culturale<\/strong><\/p>\n<p>La collaborazione culturale tra Italia e Slovenia \u00e8 regolata dall\u2019Accordo sulla Cooperazione in materia di cultura e istruzione firmato a Roma l\u20198 febbraio del 2000. \u00c8 attualmente in negoziato il secondo Programma Esecutivo di cooperazione, strumento operativo dell\u2019Accordo.<\/p>\n<p>Essa si articola in numerosi accordi fra istituzioni universitarie e scientifiche sullo scambio di docenti, studenti e ricercatori, su corsi e titoli di studio congiunti e sulla realizzazione di progetti di ricerca anche nel quadro dei programmi dell\u2019Unione Europea. Tale collaborazione si sviluppa altres\u00ec attraverso iniziative comuni volte a sviluppare l\u2019identit\u00e0 linguistica e culturale della minoranza storica slovena in Italia e italiana in Slovenia con la presenza d\u2019istituzioni educative di ogni ordine e grado e grazie ad una commissione bilaterale a tal uopo istituita dall\u2019Accordo culturale. Concorrono alla cooperazione culturale anche i programmi di borse di studio di ciascun Paese per studenti, laureati e studiosi dell\u2019altro, lo scambio o la congiunta organizzazione di mostre, spettacoli e rassegne cinematografiche di alto livello, il sostegno alla traduzione di opere letterarie e scientifiche di autori di un Paese nella lingua dell\u2019altro, la collaborazione nella tutela del patrimonio archeologico, culturale, ambientale e paesaggistico, incluso il contrasto all\u2019esportazione illecita di beni culturali.<\/p>\n<p>L\u2019Istituto Italiano di Cultura di Lubiana \u2013 Sezione Culturale dell\u2019Ambasciata d\u2019Italia \u2013 contribuisce alla cooperazione culturale italo-slovena realizzando in collaborazione con varie istituzioni slovene iniziative nei diversi settori della cultura italiana ed offrendo corsi di lingua e cultura italiane. Per maggiori informazioni sulla sua attivit\u00e0 si invita a visitare il sito internet dell&#8217;<a href=\"https:\/\/iiclubiana.esteri.it\/it\/\">Istituto Italiano di Cultura di Lubiana<\/a>.<\/p>\n<p>La designazione congiunta di Gorizia e Nova Gorica a Capitale Europea della Cultura per il 2025 ha rappresentato un progetto &#8211; unico nel proprio genere &#8211; a forte valenza simbolica con l&#8217;obiettivo di promuovere la cooperazione fra le due citt\u00e0 a modello europeo di area urbana transfrontaliera eco-sostenibile. L\u2019evento inaugurale si \u00e8 tenuto l\u20198 febbraio 2025, in concomitanza con la Giornata della cultura slovena, alla presenza del Presidente della Repubblica Sergio Mattarella, della Presidente della Repubblica di Slovenia Nata\u0161a Pirc Musar, nonch\u00e9 dai Ministri della Cultura Alessandro Giuli e Asta Vre\u010dko.<br \/>\nGO!2025 ha visto la realizzazione di migliaia di eventi transfrontalieri ed \u00e8 stato simbolo del forte legame che unisce Italia e Slovenia.<\/p>\n<p>&nbsp;<\/p>\n<p>&nbsp;<\/p>\n<p><img loading=\"lazy\" decoding=\"async\" class=\"alignnone size-medium wp-image-3702 img-fluid\" src=\"https:\/\/amblubiana.esteri.it\/wp-content\/uploads\/2023\/12\/logo_GO2025-300x138.jpg\" alt=\"\" width=\"300\" height=\"138\" srcset=\"https:\/\/amblubiana.esteri.it\/wp-content\/uploads\/2023\/12\/logo_GO2025-300x138.jpg 300w, https:\/\/amblubiana.esteri.it\/wp-content\/uploads\/2023\/12\/logo_GO2025-1024x471.jpg 1024w, https:\/\/amblubiana.esteri.it\/wp-content\/uploads\/2023\/12\/logo_GO2025-768x354.jpg 768w, https:\/\/amblubiana.esteri.it\/wp-content\/uploads\/2023\/12\/logo_GO2025.jpg 1036w\" sizes=\"auto, (max-width: 300px) 100vw, 300px\" \/><\/p>\n","protected":false},"excerpt":{"rendered":"Cooperazione culturale La collaborazione culturale tra Italia e Slovenia \u00e8 regolata dall\u2019Accordo sulla Cooperazione in materia di cultura e istruzione firmato a Roma l\u20198 febbraio del 2000. \u00c8 attualmente in negoziato il secondo Programma Esecutivo di cooperazione, strumento operativo dell\u2019Accordo. Essa si articola in numerosi accordi fra istituzioni universitarie e scientifiche sullo scambio di docenti, [&hellip;]","protected":false},"author":1,"featured_media":0,"parent":14,"menu_order":2,"comment_status":"closed","ping_status":"closed","template":"","meta":{"footnotes":""},"class_list":["post-44","page","type-page","status-publish","hentry"],"_links":{"self":[{"href":"https:\/\/amblubiana.esteri.it\/it\/wp-json\/wp\/v2\/pages\/44","targetHints":{"allow":["GET"]}}],"collection":[{"href":"https:\/\/amblubiana.esteri.it\/it\/wp-json\/wp\/v2\/pages"}],"about":[{"href":"https:\/\/amblubiana.esteri.it\/it\/wp-json\/wp\/v2\/types\/page"}],"author":[{"embeddable":true,"href":"https:\/\/amblubiana.esteri.it\/it\/wp-json\/wp\/v2\/users\/1"}],"replies":[{"embeddable":true,"href":"https:\/\/amblubiana.esteri.it\/it\/wp-json\/wp\/v2\/comments?post=44"}],"version-history":[{"count":6,"href":"https:\/\/amblubiana.esteri.it\/it\/wp-json\/wp\/v2\/pages\/44\/revisions"}],"predecessor-version":[{"id":6389,"href":"https:\/\/amblubiana.esteri.it\/it\/wp-json\/wp\/v2\/pages\/44\/revisions\/6389"}],"up":[{"embeddable":true,"href":"https:\/\/amblubiana.esteri.it\/it\/wp-json\/wp\/v2\/pages\/14"}],"wp:attachment":[{"href":"https:\/\/amblubiana.esteri.it\/it\/wp-json\/wp\/v2\/media?parent=44"}],"curies":[{"name":"wp","href":"https:\/\/api.w.org\/{rel}","templated":true}]}}