{"id":4423,"date":"2024-06-05T10:56:55","date_gmt":"2024-06-05T08:56:55","guid":{"rendered":"https:\/\/amblubiana.esteri.it\/?page_id=4423"},"modified":"2026-03-25T11:30:19","modified_gmt":"2026-03-25T10:30:19","slug":"incontri-dellambasciatore","status":"publish","type":"page","link":"https:\/\/amblubiana.esteri.it\/it\/chi-siamo\/lambasciatore\/incontri-dellambasciatore\/","title":{"rendered":"Incontri dell&#8217;Ambasciatore"},"content":{"rendered":"<p>19.11.2024: Partecipazione all&#8217;a<span class=\"css-1jxf684 r-bcqeeo r-1ttztb7 r-qvutc0 r-poiln3\">pertura della IX Settimana della Cucina Italiana nel Mondo a Pirano per celebrare le radici veneziane della cittadina istriana <a href=\"https:\/\/x.com\/CGCapodistria\/status\/1859203051384426817\">https:\/\/x.com\/CGCapodistria\/status\/1859203051384426817<\/a><\/span><\/p>\n<p>6.11.2024: Deposizione di corone in memoria dei caduti italiani e sloveni che riposano nel cimitero di \u017dale <a href=\"https:\/\/amblubiana.esteri.it\/it\/news\/dall_ambasciata\/2024\/10\/cerimonia-presso-il-cimitero-di-zale-a-lubiana\/\">https:\/\/amblubiana.esteri.it\/it\/news\/dall_ambasciata\/2024\/10\/cerimonia-presso-il-cimitero-di-zale-a-lubiana\/<\/a><\/p>\n<p>29.10.2024: Partecipazione dell\u2019Ambasciatore all\u2019ottava sessione del Comitato di Coordinamento dei Ministri Italia &#8211; Slovenia a Brdo pri Kranju<a href=\"https:\/\/x.com\/MZEZ_RS\/status\/1851220363901874190\"> https:\/\/x.com\/MZEZ_RS\/status\/1851220363901874190<\/a><\/p>\n<p>26.10.2024: Intervento dell\u2019Ambasciatore Giuseppe Cavagna alla cerimonia di commemorazione dei Caduti della Prima Guerra Mondiale nel corso del 107\u00b0 anniversario della Battaglia di Caporetto <a href=\"https:\/\/amblubiana.esteri.it\/it\/news\/dall_ambasciata\/2024\/10\/tradizionale-cerimonia-a-caporetto-in-ricordo-dei-caduti-della-grande-guerra\/\">https:\/\/amblubiana.esteri.it\/it\/news\/dall_ambasciata\/2024\/10\/tradizionale-cerimonia-a-caporetto-in-ricordo-dei-caduti-della-grande-guerra\/<\/a><\/p>\n<p>24.10.2024: Partecipazione dell\u2019Ambasciatore alla sfilata di moda italiana &#8211; evento centrale del mese della Moda Italiana in Slovenia <a href=\"https:\/\/www.rtvslo.si\/rtv365\/arhiv\/175082183?s=tv_ita\">https:\/\/www.rtvslo.si\/rtv365\/arhiv\/175082183?s=tv_ita<\/a><\/p>\n<p>23.10.2024: L\u2019Ambasciatore ha assistito il Sottosegretario di Stato Sen. Barbaro in occasione della decima sessione delle Parti della Convenzione sulla protezione e l&#8217;uso dei corsi d&#8217;acqua transfrontalieri e dei laghi internazionali (cd. Convenzione delle acque) <a href=\"https:\/\/www.adnkronos.com\/economia\/ambiente-barbaro-successo-per-litalia-da-oggi-nel-bureau-della-convezione-acque_6w9lQbc4eNBeHWoqLhkfIy\">https:\/\/www.adnkronos.com\/economia\/ambiente-barbaro-successo-per-litalia-da-oggi-nel-bureau-della-convezione-acque_6w9lQbc4eNBeHWoqLhkfIy<\/a><\/p>\n<p>17.10.2024: Intervento dell\u2019Ambasciatore Cavagna alla conferenza stampa di lancio della quarta edizione del mese della Moda Italiana in Slovenia <a href=\"https:\/\/x.com\/ItalyinSlovenia\/status\/1847266289217122633\">https:\/\/x.com\/ItalyinSlovenia\/status\/1847266289217122633<\/a><\/p>\n<p>16.10.2024: Partecipazione dell\u2019Ambasciatore Cavagna alla presentazione del libro \u201cA cavallo del muro. I miei giorni nell\u2019Europa dell\u2019Est\u201d di Demetrio Volcic, alla presenza dei curatori Possamai e Semoli\u010d <a href=\"https:\/\/x.com\/ItalyinSlovenia\/status\/1846879307093745839\">https:\/\/x.com\/ItalyinSlovenia\/status\/1846879307093745839<\/a><\/p>\n<p>14.10.2024: Intervento inaugurale dell\u2019Ambasciatore Cavagna in occasione della XXIV edizione della Settimana della Lingua Italiana nel mondo <a href=\"https:\/\/x.com\/ItalyinSlovenia\/status\/1844334775370383769\">https:\/\/x.com\/ItalyinSlovenia\/status\/1844334775370383769<\/a><\/p>\n<p>11.10.2024: Partecipazione dell\u2019Ambasciatore Cavagna al Dibattito sulla Diplomazia Economica organizzato dal Business Club Franco-Sloveno<a href=\"https:\/\/www.gov.si\/en\/news\/2024-10-14-economic-diplomacy-at-the-event-of-the-french-slovenian-business-club-and-the-chamber-of-commerce-and-industry\/\"> https:\/\/www.gov.si\/en\/news\/2024-10-14-economic-diplomacy-at-the-event-of-the-french-slovenian-business-club-and-the-chamber-of-commerce-and-industry\/<\/a><\/p>\n<p>30.9.2024: Visita dell\u2019Ambasciatore Cavagna al NATO Mountain Warfare Centre di Polj\u010de <a href=\"https:\/\/www.mwcoe.org\/visit-of-italian-ambassador-giuseppe-cavagna-shaping-the-future-of-mountain-combat\/\">https:\/\/www.mwcoe.org\/visit-of-italian-ambassador-giuseppe-cavagna-shaping-the-future-of-mountain-combat\/<\/a><\/p>\n<p>18.9.2024: Visita dell\u2019Ambasciatore Cavagna alla Comunit\u00e0 Autogestita Nazionale di Pirano ed incontro con il sindaco di Pirano <a href=\"https:\/\/m.facebook.com\/comunitapirano\/photos\/ringraziamo-lambasciatore-ditalia-in-slovenia-giuseppe-cavagna-e-il-console-gene\/930361462458206\/\">https:\/\/m.facebook.com\/comunitapirano\/photos\/ringraziamo-lambasciatore-ditalia-in-slovenia-giuseppe-cavagna-e-il-console-gene\/930361462458206\/<\/a><\/p>\n<p>10.9.2024: Inaugurazione, insieme al Presidente del Comitato Paralimpico sloveno Damijan Lazar, dell\u2019orologio che scandisce i giorni mancanti alle Paralimpiadi di Milano\/Cortina 2026 <a href=\"https:\/\/amblubiana.esteri.it\/it\/news\/dall_ambasciata\/2024\/09\/cerimonia-per-gli-atleti-paralimpici\/\">https:\/\/amblubiana.esteri.it\/it\/news\/dall_ambasciata\/2024\/09\/cerimonia-per-gli-atleti-paralimpici\/<\/a><\/p>\n<p>2.9.2024: Intervento inaugurale dell\u2019Ambasciatore in occasione del concerto dell\u2019orchestra Sinfonica della Scala di Milano, sotto la direzione del Maestro Riccardo Chailly, nell\u2019ambito del Festival di Lubiana <a href=\"https:\/\/amblubiana.esteri.it\/it\/news\/dall_ambasciata\/2024\/09\/concerto-della-filarmonica-della-scala\/\">https:\/\/amblubiana.esteri.it\/it\/news\/dall_ambasciata\/2024\/09\/concerto-della-filarmonica-della-scala\/<\/a><\/p>\n<p>8.7.2024: Intervento inaugurale dell\u2019Ambasciatore in occasione della rappresentazione de \u201cIl Trovatore\u201d eseguita dal Maggio Musicale Fiorentino, sotto la direzione del Maestro Zubin Mehta, nell\u2019ambito del Festival di Lubiana <a href=\"https:\/\/amblubiana.esteri.it\/it\/news\/dall_ambasciata\/2024\/07\/il-trovatore-di-giuseppe-verdi-a-lubiana\/\">https:\/\/amblubiana.esteri.it\/it\/news\/dall_ambasciata\/2024\/07\/il-trovatore-di-giuseppe-verdi-a-lubiana\/<\/a><\/p>\n<p>2.7.2024: Incontro dell\u2019Ambasciatore Cavagna con il Presidente della Commissione Esteri dell\u2019Assemblea Nazionale, On. Predrag Bakovi\u0107 <a href=\"https:\/\/x.com\/ItalyinSlovenia\/status\/1808134412766155230\">https:\/\/x.com\/ItalyinSlovenia\/status\/1808134412766155230<\/a><\/p>\n<p>27.6.2024: L\u2019Ambasciatore ha ospitato in Residenza il Comitato degli Imprenditori Italiani.<\/p>\n<p>18.6.2024: L\u2019Ambasciatore ha accompagnato il Ministro dell\u2019Interno Matteo Piantedosi in occasione della sua visita a Nova Gorica e Caporetto <a href=\"https:\/\/x.com\/ItalyinSlovenia\/status\/1803105603155362178\">https:\/\/x.com\/ItalyinSlovenia\/status\/1803105603155362178<\/a><\/p>\n<p>5.6.2024: L\u2019Ambasciatore ha celebrato a Lubiana la Festa della Repubblica italiana con un ricevimento alla Galleria nazionale <a href=\"https:\/\/amblubiana.esteri.it\/it\/news\/dall_ambasciata\/2024\/06\/4503\/\">https:\/\/amblubiana.esteri.it\/it\/news\/dall_ambasciata\/2024\/06\/4503\/<\/a><\/p>\n<p>29.5.2024: Il Presidente del Consiglio di Stato (la Camera alta del Parlamento), Marko Lotri\u010d, ha ricevuto\u00a0 l&#8217;Ambasciatore d&#8217;Italia Giuseppe Cavagna\u00a0 <a href=\"https:\/\/t.co\/Gy4gdvRpAx\">pic.twitter.com\/Gy4gdvRpAx<\/a><\/p>\n<p>6.5.2024: L&#8217;Ambasciatore Cavagna ha incontrato a Capodistria i rappresentanti istituzionali della Comunit\u00e0 Nazionale Italiana &#8211; v. <a href=\"https:\/\/www.rtvslo.si\/rtv365\/arhiv\/175043741?s=tv_ita\">LINK<\/a><\/p>\n<p>9.4.2024: La Ministra degli Esteri slovena Tanja Fajon ha ricevuto l&#8217;Ambasciatore Cavagna. Condivisione dell&#8217;importanza di proseguire il sostegno all&#8217;Ucraina, di promuovere l&#8217;allargamento dell&#8217;UE ai Balcani occidentali e di approfondire ulteriormente i rapporti bilaterali <a href=\"https:\/\/t.co\/NAdfaQGkiB\">pic.twitter.com\/NAdfaQGkiB<\/a><\/p>\n<p>3.4.2024: L&#8217;Ambasciatore Cavagna \u00e8 stato ricevuto dalla Presidente dell&#8217;Assemblea Nazionale slovena Ur\u0161ka Klako\u010dar Zupan\u010di\u010d. Vivo interesse per il rafforzamento delle relazioni bilaterali e comune volont\u00e0 di sviluppare ed approfondore il dialogo parlamentare tra Italia e Slovenia.<\/p>\n<p>13.3.2024: L\u2019Ambasciatore Giuseppe Cavagna ha presentato le lettere credenziali alla Presidente della Repubblica di Slovenia Nata\u0161a Pirc Musar. Piena condivisione sulla solidit\u00e0 dei rapporti che uniscono Italia e Slovenia e comune volont\u00e0 di rafforzarli ulteriormente. <a href=\"https:\/\/t.co\/Duy9hwgiGS\">pic.twitter.com\/Duy9hwgiGS<\/a><\/p>\n<p>5.3.2024: Cordiale colloquio dell\u2019Ambasciatore Cavagna con l\u2019Ambasciatrice Nata\u0161a Prah, Capo del Cerimoniale Diplomatico del Ministero degli Affari Esteri ed Europei, in occasione della consegna delle copie delle Lettere Credenziali. <a href=\"https:\/\/t.co\/9w6qyxGBRa\">pic.twitter.com\/9w6qyxGBRa<\/a><\/p>\n<p>&nbsp;<\/p>\n<p>&nbsp;<\/p>\n","protected":false},"excerpt":{"rendered":"19.11.2024: Partecipazione all&#8217;apertura della IX Settimana della Cucina Italiana nel Mondo a Pirano per celebrare le radici veneziane della cittadina istriana https:\/\/x.com\/CGCapodistria\/status\/1859203051384426817 6.11.2024: Deposizione di corone in memoria dei caduti italiani e sloveni che riposano nel cimitero di \u017dale https:\/\/amblubiana.esteri.it\/it\/news\/dall_ambasciata\/2024\/10\/cerimonia-presso-il-cimitero-di-zale-a-lubiana\/ 29.10.2024: Partecipazione dell\u2019Ambasciatore all\u2019ottava sessione del Comitato di Coordinamento dei Ministri Italia &#8211; Slovenia a [&hellip;]","protected":false},"author":6,"featured_media":0,"parent":38,"menu_order":0,"comment_status":"closed","ping_status":"closed","template":"","meta":{"footnotes":""},"class_list":["post-4423","page","type-page","status-publish","hentry"],"_links":{"self":[{"href":"https:\/\/amblubiana.esteri.it\/it\/wp-json\/wp\/v2\/pages\/4423","targetHints":{"allow":["GET"]}}],"collection":[{"href":"https:\/\/amblubiana.esteri.it\/it\/wp-json\/wp\/v2\/pages"}],"about":[{"href":"https:\/\/amblubiana.esteri.it\/it\/wp-json\/wp\/v2\/types\/page"}],"author":[{"embeddable":true,"href":"https:\/\/amblubiana.esteri.it\/it\/wp-json\/wp\/v2\/users\/6"}],"replies":[{"embeddable":true,"href":"https:\/\/amblubiana.esteri.it\/it\/wp-json\/wp\/v2\/comments?post=4423"}],"version-history":[{"count":7,"href":"https:\/\/amblubiana.esteri.it\/it\/wp-json\/wp\/v2\/pages\/4423\/revisions"}],"predecessor-version":[{"id":6185,"href":"https:\/\/amblubiana.esteri.it\/it\/wp-json\/wp\/v2\/pages\/4423\/revisions\/6185"}],"up":[{"embeddable":true,"href":"https:\/\/amblubiana.esteri.it\/it\/wp-json\/wp\/v2\/pages\/38"}],"wp:attachment":[{"href":"https:\/\/amblubiana.esteri.it\/it\/wp-json\/wp\/v2\/media?parent=4423"}],"curies":[{"name":"wp","href":"https:\/\/api.w.org\/{rel}","templated":true}]}}