{"id":49,"date":"2023-04-11T18:13:11","date_gmt":"2023-04-11T16:13:11","guid":{"rendered":"https:\/\/ambasciatapraga.esteri.it\/?page_id=49"},"modified":"2023-12-04T14:03:47","modified_gmt":"2023-12-04T13:03:47","slug":"passaporti-e-carte-didentita","status":"publish","type":"page","link":"https:\/\/amblubiana.esteri.it\/it\/servizi-consolari-e-visti\/servizi-per-il-cittadino-italiano\/passaporti-e-carte-didentita\/","title":{"rendered":"Passaporti e Carte d\u2019identit\u00e0"},"content":{"rendered":"<h1>Documenti di viaggio<\/h1>\n<div class=\"sr-only\"><\/div>\n<div>\n<p>La Cancelleria Consolare dell\u2019Ambasciata d\u2019Italia a Lubiana e il Consolato Generale d\u2019Italia a Capodistria possono rilasciare a cittadini italiani i seguenti documenti:<\/p>\n<ul>\n<li>carta d\u2019identit\u00e0 valida per l\u2019espatrio ai soli cittadini italiani legalmente residenti in Slovenia e iscritti all\u2019anagrafe consolare della circoscrizione;<\/li>\n<li>passaporto ai cittadini italiani legalmente residenti in Slovenia (iscritti all\u2019anagrafe consolare della circoscrizione) e a cittadini italiani, ovunque residenti, che non siano titolari di analogo documento in corso di validit\u00e0; per i non residenti nella circoscrizione consolare, il rilascio del passaporto \u00e8 subordinato alla concessione di nulla osta e delega da parte della Questura di residenza in Italia o del Consolato d\u2019Italia del Paese di residenza). I tempi di rilascio del passaporto possono di conseguenza variare da un minimo di 3 giorni lavorativi ad un numero di giorni che non \u00e8 possibile precisare;<\/li>\n<li>ETD (Emergency Travel Document), in situazioni di emergenza (furto, smarrimento, ecc.), a tutti i cittadini italiani in transito in Slovenia sprovvisti di documento di viaggio valido, solo per il rimpatrio in Italia (o altro Paese di legale residenza) e\u00a0<strong>non<\/strong>\u00a0per il proseguimento del viaggio ad altra destinazione.<\/li>\n<\/ul>\n<p>Prima di intraprendere un viaggio si raccomanda una attenta consultazione del sito web\u00a0<strong>www.viaggiaresicuri.it<\/strong>\u00a0dove sar\u00e0 possibile consultare, per ogni singolo Stato di destinazione, le informazioni aggiornate sul documento di viaggio richiesto per l\u2019ingresso nel Paese e su eventuali restrizioni e\/o requisiti specifici.<\/p>\n<p><a href=\"http:\/\/www.viaggiaresicuri.it\/\"><img loading=\"lazy\" decoding=\"async\" src=\"https:\/\/amblubiana.esteri.it\/ambasciata_lubiana\/resource\/img\/2019\/10\/viaggiaresicuri.png\" alt=\"viaggiaresicuri\" width=\"200\" height=\"69\" \/><\/a><\/p>\n<p>&nbsp;<\/p>\n<p>&nbsp;<\/p>\n<\/div>\n<h2><strong>Minori<\/strong><\/h2>\n<p><strong>Viaggi all&#8217;estero<\/strong><\/p>\n<p>I minori possono viaggiare all\u2019estero solo se muniti di un documento di viaggio individuale.<\/p>\n<p><strong>Minori di 14 anni<br \/>\n<\/strong><br \/>\nI minori di 14 anni che si recano all&#8217;estero non accompagnati da uno dei genitori o da chi ne fa le veci devono essere muniti di una\u00a0<strong>dichiarazione di accompagnamento<\/strong>\u00a0che riporti il nome della persona, dell&#8217;ente o della compagnia di trasporto cui il minore \u00e8 affidato, rilasciata da chi pu\u00f2 dare l&#8217;assenso, o l\u2019autorizzazione ai sensi dell\u2019articolo 3, lettera a) della legge 21 novembre 1967, n. 1185, convalidata dalla Questura o dalla Autorit\u00e0 consolare (per i residenti nella circoscrizione).<\/p>\n<p>\u2022la dichiarazione di accompagnamento pu\u00f2 riguardare un solo viaggio (da intendersi come andata e\/o ritorno) dal Paese di residenza del minore con destinazione determinata e non pu\u00f2 eccedere, di norma, il termine massimo di sei mesi;<\/p>\n<p>\u2022gli esercenti la responsabilit\u00e0 genitoriale o tutoria possono indicare fino ad un massimo di due accompagnatori, che saranno tuttavia alternativi fra di loro;<\/p>\n<p>\u2022nel rendere la dichiarazione di accompagnamento, gli esercenti la responsabilit\u00e0 genitoriale o tutoria possono chiedere che i nominativi degli accompagnatori, la durata del viaggio e la destinazione siano stampati sul passaporto del minore o in alternativa che tali dati siano riportati in una separata attestazione, che verr\u00e0 stampata dall\u2019Ufficio competente;<\/p>\n<p>\u2022nel caso in cui il minore sia affidato ad un ente o ad una compagnia di trasporto, per garantire la completezza e la leggibilit\u00e0 dei dati relativi al viaggio, \u00e8 rilasciata unicamente l\u2019attestazione. Si suggerisce, prima di acquistare il biglietto della compagnia di trasporto di verificare che la stessa accetti che il minore sia ad essa affidato.<\/p>\n<p>Per quanto riguarda invece i minori di 14 anni che si recano all&#8217;estero\u00a0<strong>con i genitori<\/strong>, si consiglia di munirsi di documentazione idonea a comprovare la titolarit\u00e0 della potest\u00e0 sul minore (per es. certificato di nascita con indicazione di paternit\u00e0 e maternit\u00e0, la nomina a tutore, il certificato di iscrizione negli schedari consolari da cui risulti la composizione del nucleo familiare, ecc.).<\/p>\n<p>La carta d\u2019identit\u00e0\/Il passaporto rilasciato ai minori di et\u00e0 inferiore ai quattordici anni pu\u00f2 riportare, a richiesta, il nome dei genitori o di chi ne fa le veci. In questo caso non \u00e8 necessario munirsi di documentazione idonea a comprovare la titolarit\u00e0 della potest\u00e0 sul minore.<\/p>\n<p>Prima di intraprendere un viaggio si raccomanda una attenta consultazione del sito web\u00a0<strong>www.viaggiaresicuri.it<\/strong>\u00a0dove sar\u00e0 possibile consultare, per ogni singolo Stato di destinazione, le informazioni aggiornate sul documento di viaggio richiesto per l\u2019ingresso nel Paese e su eventuali restrizioni e\/o requisiti specifici.<\/p>\n","protected":false},"excerpt":{"rendered":"Documenti di viaggio La Cancelleria Consolare dell\u2019Ambasciata d\u2019Italia a Lubiana e il Consolato Generale d\u2019Italia a Capodistria possono rilasciare a cittadini italiani i seguenti documenti: carta d\u2019identit\u00e0 valida per l\u2019espatrio ai soli cittadini italiani legalmente residenti in Slovenia e iscritti all\u2019anagrafe consolare della circoscrizione; passaporto ai cittadini italiani legalmente residenti in Slovenia (iscritti all\u2019anagrafe consolare [&hellip;]","protected":false},"author":1,"featured_media":0,"parent":47,"menu_order":0,"comment_status":"closed","ping_status":"closed","template":"","meta":{"footnotes":""},"class_list":["post-49","page","type-page","status-publish","hentry"],"_links":{"self":[{"href":"https:\/\/amblubiana.esteri.it\/it\/wp-json\/wp\/v2\/pages\/49","targetHints":{"allow":["GET"]}}],"collection":[{"href":"https:\/\/amblubiana.esteri.it\/it\/wp-json\/wp\/v2\/pages"}],"about":[{"href":"https:\/\/amblubiana.esteri.it\/it\/wp-json\/wp\/v2\/types\/page"}],"author":[{"embeddable":true,"href":"https:\/\/amblubiana.esteri.it\/it\/wp-json\/wp\/v2\/users\/1"}],"replies":[{"embeddable":true,"href":"https:\/\/amblubiana.esteri.it\/it\/wp-json\/wp\/v2\/comments?post=49"}],"version-history":[{"count":5,"href":"https:\/\/amblubiana.esteri.it\/it\/wp-json\/wp\/v2\/pages\/49\/revisions"}],"predecessor-version":[{"id":3243,"href":"https:\/\/amblubiana.esteri.it\/it\/wp-json\/wp\/v2\/pages\/49\/revisions\/3243"}],"up":[{"embeddable":true,"href":"https:\/\/amblubiana.esteri.it\/it\/wp-json\/wp\/v2\/pages\/47"}],"wp:attachment":[{"href":"https:\/\/amblubiana.esteri.it\/it\/wp-json\/wp\/v2\/media?parent=49"}],"curies":[{"name":"wp","href":"https:\/\/api.w.org\/{rel}","templated":true}]}}