{"id":561,"date":"2023-11-15T11:09:42","date_gmt":"2023-11-15T10:09:42","guid":{"rendered":"https:\/\/amblubiana.esteri.it\/?page_id=561"},"modified":"2024-01-08T11:33:36","modified_gmt":"2024-01-08T10:33:36","slug":"dichiarazioni-di-valore","status":"publish","type":"page","link":"https:\/\/amblubiana.esteri.it\/it\/servizi-consolari-e-visti\/servizi-per-il-cittadino-straniero\/dichiarazioni-di-valore\/","title":{"rendered":"Dichiarazioni di valore"},"content":{"rendered":"<h1>Dichiarazioni di valore<\/h1>\n<div class=\"sr-only\"><\/div>\n<div>\n<p>Gli stranieri e gli italiani residenti all\u2019estero possono accedere a istituti di istruzione italiani (Scuole superiori, Universit\u00e0 ecc.) o richiedere l\u2019equipollenza del titolo di studi tramite domanda che deve essere corredata dalla documentazione prescritta. Questa documentazione deve essere approvata dalle competenti Autorit\u00e0 italiane, in base alla valutazione dei titoli di studio conseguiti all\u2019estero.<\/p>\n<p>&nbsp;<\/p>\n<p><strong>PROCEDURA PER IL RILASCIO DI DICHIARAZIONI DI VALORE SUI TITOLI DI STUDIO CONSEGUITI IN SLOVENIA:<\/strong><\/p>\n<p>Coloro che intendono chiedere il riconoscimento in Italia di titoli di studio sloveni (per Istituti e Universit\u00e0 situati nella circoscrizione consolare di questa Cancelleria) dovranno seguire la procedura sotto riportata:<\/p>\n<ul>\n<li>compilare il modulo scaricabile;<\/li>\n<li>allegare copia di un documento valido di identit\u00e0 personale;<\/li>\n<li>fissare l\u2019appuntamento con l\u2019Ufficio consolare;<\/li>\n<li>esibire originali o copie autentiche dei documenti scolastici;<\/li>\n<li>provvedere alle debite traduzioni in lingua italiana (la traduzione dallo sloveno in italiano pu\u00f2 anche non essere giurata ma deve essere esattamente e perfettamente redatta pena la non validazione da parte del Consolato). L\u2019elenco dei traduttori giurati si trova in\u00a0<a href=\"https:\/\/amblubiana.esteri.it\/wp-content\/uploads\/2024\/01\/ELENCO-TRADUTTORI-2023.pdf\">ELENCO TRADUTTORI 2023<\/a> Si prega di verificare i relativi costi direttamente con il traduttore;<\/li>\n<li>far legalizzare presso le Autorit\u00e0 slovene e\/o la Cancelleria Consolare le traduzioni effettuate.<\/li>\n<\/ul>\n<p>&nbsp;<\/p>\n<p><a href=\"https:\/\/amblubiana.esteri.it\/wp-content\/uploads\/2023\/12\/MODULO-RICHIESTA-DICHIARAZIONE-DI-VALORE-1.pdf\">Modulo richiesta dichiarazione di valore<\/a><\/p>\n<p>Documenti per richiedere la Dichiarazione di valore di\u00a0<a href=\"https:\/\/amblubiana.esteri.it\/Ambasciata_Lubiana\/resource\/doc\/2019\/09\/iter_dichiarazione_di__valore_laurea.pdf\"><strong>diplomi di laurea, specializzazione, master o dottorato<\/strong><\/a>.<\/p>\n<p>Documenti per richiedere la Dichiarazione di valore del\u00a0<a href=\"https:\/\/amblubiana.esteri.it\/Ambasciata_Lubiana\/resource\/doc\/2019\/09\/iter_dichiarazione_di__valore_scuole_medie.pdf\"><strong>diploma di maturit\u00e0<\/strong><\/a>.<\/p>\n<p>&nbsp;<\/p>\n<p>Tutta la documentazione presentata verr\u00e0 restituita contestualmente al rilascio della dichiarazione di valore.<\/p>\n<p>Si raccomanda di documentare in maniera completa gli anni di scolarit\u00e0 effettuati.<\/p>\n<p>La documentazione potr\u00e0 essere spedita via posta e anticipata via mail. Per il ritiro degli atti dovr\u00e0 essere fissato un appuntamento, da concordare preventivamente via mail o via telefono, prevedendo la possibilit\u00e0 di dover pagare dei diritti consolari in merito ai servizi richiesti (chiedere dettagli all\u2019Ufficio).<\/p>\n<p>Se non si \u00e8 residenti in Slovenia, si pu\u00f2 delegare altra persona di fiducia per il disbrigo delle pratiche.<\/p>\n<p>Non si rilasciano dichiarazioni urgenti e non si effettuano traduzioni.<\/p>\n<\/div>\n","protected":false},"excerpt":{"rendered":"Dichiarazioni di valore Gli stranieri e gli italiani residenti all\u2019estero possono accedere a istituti di istruzione italiani (Scuole superiori, Universit\u00e0 ecc.) o richiedere l\u2019equipollenza del titolo di studi tramite domanda che deve essere corredata dalla documentazione prescritta. Questa documentazione deve essere approvata dalle competenti Autorit\u00e0 italiane, in base alla valutazione dei titoli di studio conseguiti [&hellip;]","protected":false},"author":12,"featured_media":0,"parent":48,"menu_order":0,"comment_status":"closed","ping_status":"closed","template":"","meta":{"footnotes":""},"class_list":["post-561","page","type-page","status-publish","hentry"],"_links":{"self":[{"href":"https:\/\/amblubiana.esteri.it\/it\/wp-json\/wp\/v2\/pages\/561","targetHints":{"allow":["GET"]}}],"collection":[{"href":"https:\/\/amblubiana.esteri.it\/it\/wp-json\/wp\/v2\/pages"}],"about":[{"href":"https:\/\/amblubiana.esteri.it\/it\/wp-json\/wp\/v2\/types\/page"}],"author":[{"embeddable":true,"href":"https:\/\/amblubiana.esteri.it\/it\/wp-json\/wp\/v2\/users\/12"}],"replies":[{"embeddable":true,"href":"https:\/\/amblubiana.esteri.it\/it\/wp-json\/wp\/v2\/comments?post=561"}],"version-history":[{"count":6,"href":"https:\/\/amblubiana.esteri.it\/it\/wp-json\/wp\/v2\/pages\/561\/revisions"}],"predecessor-version":[{"id":3972,"href":"https:\/\/amblubiana.esteri.it\/it\/wp-json\/wp\/v2\/pages\/561\/revisions\/3972"}],"up":[{"embeddable":true,"href":"https:\/\/amblubiana.esteri.it\/it\/wp-json\/wp\/v2\/pages\/48"}],"wp:attachment":[{"href":"https:\/\/amblubiana.esteri.it\/it\/wp-json\/wp\/v2\/media?parent=561"}],"curies":[{"name":"wp","href":"https:\/\/api.w.org\/{rel}","templated":true}]}}