{"id":597,"date":"2023-11-15T15:45:02","date_gmt":"2023-11-15T14:45:02","guid":{"rendered":"https:\/\/amblubiana.esteri.it\/?page_id=597"},"modified":"2024-03-06T08:07:49","modified_gmt":"2024-03-06T07:07:49","slug":"navigazione","status":"publish","type":"page","link":"https:\/\/amblubiana.esteri.it\/it\/servizi-consolari-e-visti\/servizi-per-il-cittadino-straniero\/navigazione\/","title":{"rendered":"Navigazione"},"content":{"rendered":"<p><strong>Riconoscimento (Endorsement) di certificato IMO STCW rilasciato dall\u2019 Amministrazione marittima della Slovenia di cui alle Regole II\/1, II\/2, II\/3, III\/1, III\/2, III\/3, III\/6, IV, IV\/2, V\/1-1, V\/1-2, VII\/1 della Convenzione STCW\u201978.<\/strong><\/p>\n<p>Costo:<\/p>\n<p>&#8211; 16 euro per la marca da bollo da apporre sull\u2019Istanza di convalida del certificato di competenza su modello all. 14 quater della circolare Gente di mare Serie XIII n. 17 del 17.12.2008;<\/p>\n<p>&#8211; 25 euro (art. 55 della Tariffa consolare) per il rilascio del certificato di convalida + 1,70 euro per lo stampato valore.<\/p>\n<p><a href=\"https:\/\/amblubiana.esteri.it\/wp-content\/uploads\/2024\/03\/CONVALIDA-CERTIFICATI-MARITTIMI.-FORMULARIO-RICHIESTA.pdf\"><strong>Richiesta riconoscimento e convalida certificati IMO marittimi<\/strong><\/a><\/p>\n<p>All\u2019istanza vanno allegati:<\/p>\n<p>\u2022 Certificato di competenza originale e fotocopia;<br \/>\n\u2022 Libretto del marittimo;<br \/>\n\u2022 Passaporto del richiedente e fotocopia;<br \/>\n\u2022 2 foto-tessera.<\/p>\n<p>La domanda potr\u00e0 essere inviata anche a mezzo posta ordinaria e, nei casi di urgenza, potr\u00e0 essere anticipata per posta certificata. Sar\u00e0 cura del marittimo provvedere al ritiro dell\u2019Endorsement.<\/p>\n<p>&nbsp;<\/p>\n","protected":false},"excerpt":{"rendered":"Riconoscimento (Endorsement) di certificato IMO STCW rilasciato dall\u2019 Amministrazione marittima della Slovenia di cui alle Regole II\/1, II\/2, II\/3, III\/1, III\/2, III\/3, III\/6, IV, IV\/2, V\/1-1, V\/1-2, VII\/1 della Convenzione STCW\u201978. Costo: &#8211; 16 euro per la marca da bollo da apporre sull\u2019Istanza di convalida del certificato di competenza su modello all. 14 quater della [&hellip;]","protected":false},"author":6,"featured_media":0,"parent":48,"menu_order":0,"comment_status":"closed","ping_status":"closed","template":"","meta":{"footnotes":""},"class_list":["post-597","page","type-page","status-publish","hentry"],"_links":{"self":[{"href":"https:\/\/amblubiana.esteri.it\/it\/wp-json\/wp\/v2\/pages\/597","targetHints":{"allow":["GET"]}}],"collection":[{"href":"https:\/\/amblubiana.esteri.it\/it\/wp-json\/wp\/v2\/pages"}],"about":[{"href":"https:\/\/amblubiana.esteri.it\/it\/wp-json\/wp\/v2\/types\/page"}],"author":[{"embeddable":true,"href":"https:\/\/amblubiana.esteri.it\/it\/wp-json\/wp\/v2\/users\/6"}],"replies":[{"embeddable":true,"href":"https:\/\/amblubiana.esteri.it\/it\/wp-json\/wp\/v2\/comments?post=597"}],"version-history":[{"count":6,"href":"https:\/\/amblubiana.esteri.it\/it\/wp-json\/wp\/v2\/pages\/597\/revisions"}],"predecessor-version":[{"id":4131,"href":"https:\/\/amblubiana.esteri.it\/it\/wp-json\/wp\/v2\/pages\/597\/revisions\/4131"}],"up":[{"embeddable":true,"href":"https:\/\/amblubiana.esteri.it\/it\/wp-json\/wp\/v2\/pages\/48"}],"wp:attachment":[{"href":"https:\/\/amblubiana.esteri.it\/it\/wp-json\/wp\/v2\/media?parent=597"}],"curies":[{"name":"wp","href":"https:\/\/api.w.org\/{rel}","templated":true}]}}