{"id":683,"date":"2023-11-16T15:09:53","date_gmt":"2023-11-16T14:09:53","guid":{"rendered":"https:\/\/amblubiana.esteri.it\/?page_id=683"},"modified":"2025-11-25T13:37:24","modified_gmt":"2025-11-25T12:37:24","slug":"passaporti","status":"publish","type":"page","link":"https:\/\/amblubiana.esteri.it\/it\/servizi-consolari-e-visti\/servizi-per-il-cittadino-italiano\/passaporti-e-carte-didentita\/passaporti\/","title":{"rendered":"Passaporti"},"content":{"rendered":"<p><strong>Rilascio del passaporto<br \/>\n<\/strong><br \/>\nDi norma la domanda di rilascio del passaporto va presentata all\u2019Ufficio competente per residenza del richiedente.<br \/>\nIn casi particolari, il passaporto pu\u00f2 essere rilasciato da un Ufficio diverso, che dovr\u00e0 tuttavia\u00a0acquisire preventivamente espressa delega da parte della Questura o Consolato competente per residenza. Ci\u00f2, pertanto, potrebbe rendere pi\u00f9 lunghi i tempi di rilascio.<\/p>\n<p><strong>Documentazione necessaria<br \/>\n<\/strong><\/p>\n<ul>\n<li><a href=\"https:\/\/amblubiana.esteri.it\/wp-content\/uploads\/2023\/12\/RICHIESTA-DI-RILASCIO-DEL-PASSAPORTO-maggiorenni-aggiornato.pdf\">Formulario di richiesta del passaporto,<\/a> debitamente compilato e sottoscritto dall&#8217;interessato;<\/li>\n<li>documento di riconoscimento;<\/li>\n<li>2 foto-tessera recenti (uguali, frontali, a colori, sfondo bianco, dimensioni minime 3,5&#215;4 cm);<\/li>\n<li>pagamento del costo del libretto e del contributo amministrativo, a meno di far parte delle categorie esenti di cui all\u2019art. 19 della legge 1185\/1967;<\/li>\n<li>nel caso in cui il richiedente abbia figli minori di 18 anni, autodichiarazione di assenza impedimenti inibitori al rilascio di un nuovo documento, a prescindere dallo stato civile del richiedente: <a href=\"https:\/\/amblubiana.esteri.it\/wp-content\/uploads\/2023\/12\/Dichiarazione_assenza_ostative_passaporto-2.pdf\">Dichiarazione_assenza_ostative_passaporto<\/a><\/li>\n<li>nel caso in cui il richiedente sia un minore di 18 anni, il formulario di <a href=\"https:\/\/amblubiana.esteri.it\/wp-content\/uploads\/2023\/12\/richiesta_di_rilascio_di_passaporto_a_figlio_minore-3.pdf\">richiesta_di_rilascio_di_passaporto_a_figlio_minore<\/a> deve riportare l&#8217;assenso di entrambi genitori; gli esercenti la potest\u00e0 genitoriale possono chiedere che i propri nomi siano riportati sul passaporto del figlio minore;<\/li>\n<li>nel caso in cui il richiedente sia un minore di 18 anni nato all&#8217;estero, \u00e8 necessario presentare \u2013 per la trascrizione nel Comune di residenza A.I.R.E., se non si sia gi\u00e0 provveduto &#8211; l\u2019atto di nascita, tradotto e legalizzato (o munito di apostille) oppure su formulario plurilingue.<\/li>\n<\/ul>\n<p><strong>Attenzione: Minori di 14 anni<br \/>\n<\/strong><br \/>\nI minori di 14 anni che si recano all&#8217;estero non accompagnati da uno dei genitori o da chi ne fa le veci devono essere muniti di una\u00a0<strong>dichiarazione di accompagnamento<\/strong>\u00a0che riporti il nome della persona, dell&#8217;ente o della compagnia di trasporto cui il minore \u00e8 affidato, rilasciata da chi pu\u00f2 dare l&#8217;assenso, o l\u2019autorizzazione ai sensi dell\u2019articolo 3, lettera a) della legge 21 novembre 1967, n. 1185, convalidata dalla Questura o dalla Autorit\u00e0 consolare (per i residenti nella circoscrizione).<\/p>\n<ul>\n<li>La dichiarazione di accompagnamento pu\u00f2 riguardare un solo viaggio (da intendersi come andata e\/o ritorno) dal Paese di residenza del minore con destinazione determinata e non pu\u00f2 eccedere, di norma, il termine massimo di sei mesi;<\/li>\n<li>gli esercenti la responsabilit\u00e0 genitoriale o tutoria possono indicare fino ad un massimo di due accompagnatori, che saranno tuttavia alternativi fra di loro;<\/li>\n<li>nel rendere la dichiarazione di accompagnamento, gli esercenti la responsabilit\u00e0 genitoriale o tutoria possono chiedere che i nominativi degli accompagnatori, la durata del viaggio e la destinazione siano stampati sul passaporto del minore o in alternativa che tali dati siano riportati in una separata attestazione, che verr\u00e0 stampata dall\u2019Ufficio competente;<\/li>\n<li>nel caso in cui il minore sia affidato ad un ente o ad una compagnia di trasporto, per garantire la completezza e la leggibilit\u00e0 dei dati relativi al viaggio, \u00e8 rilasciata unicamente l\u2019attestazione. Si suggerisce, prima di acquistare il biglietto della compagnia di trasporto di verificare che la stessa accetti che il minore sia ad essa affidato.<\/li>\n<\/ul>\n<p>Per quanto riguarda invece i minori di 14 anni che si recano all&#8217;estero con i genitori, si consiglia di munirsi di documentazione idonea a comprovare la titolarit\u00e0 della potest\u00e0 sul minore (per es. certificato di nascita con indicazione di paternit\u00e0 e maternit\u00e0, la nomina a tutore, il certificato di iscrizione negli schedari consolari da cui risulti la composizione del nucleo familiare, ecc.).<\/p>\n<p>Il passaporto rilasciato ai minori di et\u00e0 inferiore ai quattordici anni pu\u00f2 riportare, a richiesta, il nome dei genitori o di chi ne fa le veci. Se\u00a0il passaporto\u00a0indicail nome dei genitori o di chi ne fa le veci, non \u00e8 necessario munirsi di documentazione idonea a comprovare la titolarit\u00e0 della potest\u00e0 sul minore.<\/p>\n<p><strong>Modalit\u00e0 di richiesta<br \/>\n<\/strong><br \/>\nIl formulario di richiesta corredato dei documenti necessari all\u2019istruttoria pu\u00f2 essere inoltrato al Consolato anche per posta.<br \/>\nSi pu\u00f2 anticipare la richiesta per e-mail, allegando la documentazione e copia di un documento di identit\u00e0 contenente la firma del titolare. Richiesta e documentazione anticipati per e-mail dovranno essere presentati nuovamente in originale all\u2019Ufficio consolare.<br \/>\nCompletata l&#8217;istruttoria, il richiedente potr\u00e0 fissare un appuntamento per la rilevazione delle impronte digitali, l\u2019apposizione della firma e il rilascio a vista del documento.<\/p>\n<p><strong>Costo del passaporto ordinario<\/strong><br \/>\nA partire dal 1\u00b0 dicembre 2025, il costo del libretto sar\u00e0 di \u20ac 42,70 a cui si aggiunge il contributo amministrativo di \u20ac73,50.<\/p>\n<p><strong>Restituzione ai titolari di documenti italiani rinvenuti in Slovenia<\/strong><\/p>\n<p><a href=\"https:\/\/www.esteri.it\/mae\/it\/servizi\/italiani-all-estero\/documenti_di_viaggio\/passaporto.html\"><strong>Maggiori informazioni nel portale esteri.it<\/strong><\/a><\/p>\n","protected":false},"excerpt":{"rendered":"Rilascio del passaporto Di norma la domanda di rilascio del passaporto va presentata all\u2019Ufficio competente per residenza del richiedente. In casi particolari, il passaporto pu\u00f2 essere rilasciato da un Ufficio diverso, che dovr\u00e0 tuttavia\u00a0acquisire preventivamente espressa delega da parte della Questura o Consolato competente per residenza. Ci\u00f2, pertanto, potrebbe rendere pi\u00f9 lunghi i tempi di [&hellip;]","protected":false},"author":6,"featured_media":0,"parent":49,"menu_order":0,"comment_status":"closed","ping_status":"closed","template":"","meta":{"footnotes":""},"class_list":["post-683","page","type-page","status-publish","hentry"],"_links":{"self":[{"href":"https:\/\/amblubiana.esteri.it\/it\/wp-json\/wp\/v2\/pages\/683","targetHints":{"allow":["GET"]}}],"collection":[{"href":"https:\/\/amblubiana.esteri.it\/it\/wp-json\/wp\/v2\/pages"}],"about":[{"href":"https:\/\/amblubiana.esteri.it\/it\/wp-json\/wp\/v2\/types\/page"}],"author":[{"embeddable":true,"href":"https:\/\/amblubiana.esteri.it\/it\/wp-json\/wp\/v2\/users\/6"}],"replies":[{"embeddable":true,"href":"https:\/\/amblubiana.esteri.it\/it\/wp-json\/wp\/v2\/comments?post=683"}],"version-history":[{"count":6,"href":"https:\/\/amblubiana.esteri.it\/it\/wp-json\/wp\/v2\/pages\/683\/revisions"}],"predecessor-version":[{"id":5763,"href":"https:\/\/amblubiana.esteri.it\/it\/wp-json\/wp\/v2\/pages\/683\/revisions\/5763"}],"up":[{"embeddable":true,"href":"https:\/\/amblubiana.esteri.it\/it\/wp-json\/wp\/v2\/pages\/49"}],"wp:attachment":[{"href":"https:\/\/amblubiana.esteri.it\/it\/wp-json\/wp\/v2\/media?parent=683"}],"curies":[{"name":"wp","href":"https:\/\/api.w.org\/{rel}","templated":true}]}}