{"id":687,"date":"2023-11-16T15:12:46","date_gmt":"2023-11-16T14:12:46","guid":{"rendered":"https:\/\/amblubiana.esteri.it\/?page_id=687"},"modified":"2026-03-27T10:39:25","modified_gmt":"2026-03-27T09:39:25","slug":"carte-didentita","status":"publish","type":"page","link":"https:\/\/amblubiana.esteri.it\/it\/servizi-consolari-e-visti\/servizi-per-il-cittadino-italiano\/passaporti-e-carte-didentita\/carte-didentita\/","title":{"rendered":"Carte d&#8217;identit\u00e0"},"content":{"rendered":"<p><strong>Carta d&#8217;identit\u00e0 elettronica (CIE)<\/strong><\/p>\n<p>La CIE puo\u2019 essere rilasciata esclusivamente ai cittadini italiani regolarmente residenti nella circoscrizione consolare, che siano gi\u00e0 registrati nello schedario consolare e i cui dati anagrafici siano gi\u00e0 presenti nella banca dati A.I.R.E. (Anagrafe degli Italiani Residenti all&#8217;Estero) del Ministero dell&#8217;Interno.<\/p>\n<p>Ai fini dell\u2019emissione della CIE \u00e8 inoltre necessario possedere il codice fiscale validato. In mancanza, il codice fiscale stesso sar\u00e0 attribuito o validato dall\u2019Agenzia delle Entrate per il tramite dell\u2019Ufficio consolare preliminarmente al rilascio della CIE.<\/p>\n<p><strong>Novit\u00e0:\u00a0<\/strong>\u00a0\u2013 a decorrere dal\u00a01\u00b0 giugno 2026\u00a0\u2013<strong>\u00a0il cittadino iscritto all\u2019Anagrafe degli Italiani Residenti all\u2019Estero (AIRE)<\/strong>\u00a0<strong>ha la<\/strong>\u00a0<strong>possibilit\u00e0 di presentare domanda per il rilascio della carta d\u2019identit\u00e0 elettronica presso qualsiasi Comune italiano.<\/strong> La carta d\u2019identit\u00e0 sar\u00e0 consegnata con le medesime modalit\u00e0 previste in caso di domanda presentata tramite l\u2019Ufficio consolare, con facolt\u00e0 per l\u2019interessato di ritirarla personalmente presso il Comune ovvero di richiederne la spedizione all\u2019estero.<br \/>\nIn caso di richiesta presso un Comune italiano si invita il cittadino a consultare l\u2019apposita sezione del sito web del Comune prescelto.<\/p>\n<p>&nbsp;<\/p>\n<p><strong>1. Validit\u00e0 temporale<\/strong><br \/>\nLa validit\u00e0 della carta d\u2019identit\u00e0 varia a seconda all&#8217;et\u00e0 del titolare:<\/p>\n<ul>\n<li>3 anni per i minori di et\u00e0 inferiore a 3 anni;<\/li>\n<li>5 anni per i minori di et\u00e0 compresa tra i 3 e i 18 anni;<\/li>\n<li>10 anni per i maggiorenni.<\/li>\n<\/ul>\n<p><strong>2. Modalit\u00e0 di richiesta<\/strong><br \/>\nLa richiesta della carta d&#8217;identit\u00e0 elettronica deve essere presentata compilando i seguenti formulari da inviare via email all\u2019indirizzo consolare.lubiana@esteri.it :<\/p>\n<ul>\n<li><a href=\"https:\/\/amblubiana.esteri.it\/wp-content\/uploads\/2023\/12\/RICHIESTA-DI-EMISSIONE-DI-CARTA-DIDENTITA-per-maggiorenni-aggiornato-3.pdf\">Formulario di richiesta di emissione della carta d&#8217;identit\u00e0<\/a>;<\/li>\n<li>Nel caso in cui il richiedente abbia figli minori di 18 anni (a prescindere dallo stato civile del richiedente) autodichiarazione assenza impedimenti inibitori al rilascio del nuovo documento:\u00a0<a href=\"https:\/\/amblubiana.esteri.it\/wp-content\/uploads\/2023\/12\/Dichiarazione_assenza_ostative_CIE.pdf\">Dichiarazione_assenza_ostative_CIE<\/a> ;<\/li>\n<li><a href=\"https:\/\/amblubiana.esteri.it\/wp-content\/uploads\/2023\/12\/RICHIESTA-DI-EMISSIONE-DI-CARTA-DIDENTITA-A-FIGLI-MINORI.pdf\">Formulario di richiesta di emissione della Carta d&#8217;Identit\u00e0 a figli minori <\/a>;<\/li>\n<li>atto di assenso di entrambi genitori\u00a0<a href=\"https:\/\/amblubiana.esteri.it\/wp-content\/uploads\/2024\/01\/form1_-_atto_di_assenso_in_favore_dei_figli_minori_1.pdf\">form1_-_atto_di_assenso_in_favore_dei_figli_minori_1<\/a> nel caso in cui il richiedente sia un minore di 18 anni;<\/li>\n<li>atto di assenso di entrambi genitori; se un genitore non \u00e8 cittadino dell&#8217;Unione Europea, la sua firma sull\u2019atto di assenso va autenticata: o presso l&#8217;Ambasciata al momento dell&#8217;appuntamento, o presso il Comune sloveno di residenza o presso un notaio sloveno. Al fine di verificare la correttezza dell&#8217;atto di assenso presentato, \u00e8 necessario che il minore sia gi\u00e0 iscritto in anagrafe o che venga presentato l\u2019originale del certificato di nascita su modello internazionale da cui si evincano maternit\u00e0 e paternit\u00e0 del minore insieme all\u2019estratto atto di matrimonio originale oppure, se i genitori non sono coniugati, il Verbale di riconoscimento di paternita\u2019 in originale.<\/li>\n<\/ul>\n<p>Dal momento della richiesta alla data fissata per l\u2019appuntamento trascorreranno almeno 15 giorni, necessari per consentire all\u2019ufficio consolare di effettuare il controllo dei dati anagrafici, risolvere eventuali disallineamenti e verificare che non sussistano cause ostative al rilascio del documento.<\/p>\n<p>Oltre all\u2019iscrizione in A.I.R.E., \u00e8 indispensabile per i cittadini italiani nati all\u2019estero che il relativo atto di nascita risulti gi\u00e0 trascritto nei registri di Stato Civile del Comune di riferimento, in quanto gli estremi della trascrizione devono essere riportati sulla CIE.<\/p>\n<p><strong>3. Appuntamento e documentazione da presentare<\/strong><br \/>\nAll\u2019appuntamento, fissato dall\u2019Ufficio Consolare per email, il cittadino dovr\u00e0 presentarsi con i seguenti documenti:<\/p>\n<ul>\n<li>Il formulario originale che era stato anticipato per email;<\/li>\n<li>1 fototessera, in formato cartaceo dello stesso tipo di quelle utilizzate per il passaporto;<\/li>\n<li>documento di riconoscimento ai sensi del D.P.R. 445\/2000. Se non ne \u00e8 in possesso, il richiedente dovr\u00e0 presentarsi accompagnato da due testimoni; nel caso in cui il richiedente non sia pi\u00f9 in possesso del precedente documento in seguito a furto o smarrimento, \u00e8 necessario presentare il formulario di dichiarazione di furto o smarrimento, unitamente alla denuncia effettuata presso le autorit\u00e0 slovene;<\/li>\n<li>autodichiarazione di assenza impedimenti inibitori al rilascio del nuovo documento;<\/li>\n<li>atto di assenso di entrambi genitori nel caso in cui il richiedente sia un minore di 18 anni: originale che era stato anticipato per email.<\/li>\n<\/ul>\n<p>Al momento dell\u2019appuntamento l\u2019operatore consolare acquisir\u00e0 la foto e, salvo che per i minori di 12 anni, le impronte digitali e la firma, che saranno registrate in sicurezza all\u2019interno del microchip presente nella propria CIE e non depositate in nessun altro luogo.<\/p>\n<p><strong>4. Costo<\/strong><br \/>\nIl costo del documento \u00e8 di:<\/p>\n<ul>\n<li>21,95 euro complessivi, in caso di primo rilascio o rinnovo;<\/li>\n<li>27,11 euro complessivi in caso di duplicato per furto o smarrimento.<\/li>\n<\/ul>\n<p>Il pagamento dovr\u00e0 essere effettuato il giorno dell\u2019appuntamento o secondo le modalit\u00e0 concordate per email.<\/p>\n<p><strong>5. Consegna della carta d&#8217;identit\u00e0<\/strong><br \/>\nLa CIE \u00e8 emessa dal Ministero dell\u2019Interno e prodotta dall\u2019Istituto Poligrafico e Zecca dello Stato, che la spedisce, a mezzo posta raccomandata, all\u2019indirizzo di residenza (o recapito) dichiarato dal richiedente. Salvo casi particolari, la CIE dovrebbe arrivare per posta entro 15 giorni dal giorno dell\u2019appuntamento (il connazionale potr\u00e0 seguire la raccomandata autonomamente online, attraverso il codice di tracciamento).<br \/>\nIn caso di mancata consegna per indirizzo errato, \u00e8 prevista la giacenza presso il locale ufficio postale, al termine della quale il plico viene restituito all\u2019Ambasciata d\u2019Italia a Lubiana per un ulteriore tentativo di consegna.<\/p>\n<p>Non \u00e8 pi\u00f9 possibile rilasciare la carta d\u2019identit\u00e0 cartacea.<\/p>\n<p>&nbsp;<\/p>\n","protected":false},"excerpt":{"rendered":"Carta d&#8217;identit\u00e0 elettronica (CIE) La CIE puo\u2019 essere rilasciata esclusivamente ai cittadini italiani regolarmente residenti nella circoscrizione consolare, che siano gi\u00e0 registrati nello schedario consolare e i cui dati anagrafici siano gi\u00e0 presenti nella banca dati A.I.R.E. (Anagrafe degli Italiani Residenti all&#8217;Estero) del Ministero dell&#8217;Interno. Ai fini dell\u2019emissione della CIE \u00e8 inoltre necessario possedere il [&hellip;]","protected":false},"author":6,"featured_media":0,"parent":49,"menu_order":0,"comment_status":"closed","ping_status":"closed","template":"","meta":{"footnotes":""},"class_list":["post-687","page","type-page","status-publish","hentry"],"_links":{"self":[{"href":"https:\/\/amblubiana.esteri.it\/it\/wp-json\/wp\/v2\/pages\/687","targetHints":{"allow":["GET"]}}],"collection":[{"href":"https:\/\/amblubiana.esteri.it\/it\/wp-json\/wp\/v2\/pages"}],"about":[{"href":"https:\/\/amblubiana.esteri.it\/it\/wp-json\/wp\/v2\/types\/page"}],"author":[{"embeddable":true,"href":"https:\/\/amblubiana.esteri.it\/it\/wp-json\/wp\/v2\/users\/6"}],"replies":[{"embeddable":true,"href":"https:\/\/amblubiana.esteri.it\/it\/wp-json\/wp\/v2\/comments?post=687"}],"version-history":[{"count":6,"href":"https:\/\/amblubiana.esteri.it\/it\/wp-json\/wp\/v2\/pages\/687\/revisions"}],"predecessor-version":[{"id":6242,"href":"https:\/\/amblubiana.esteri.it\/it\/wp-json\/wp\/v2\/pages\/687\/revisions\/6242"}],"up":[{"embeddable":true,"href":"https:\/\/amblubiana.esteri.it\/it\/wp-json\/wp\/v2\/pages\/49"}],"wp:attachment":[{"href":"https:\/\/amblubiana.esteri.it\/it\/wp-json\/wp\/v2\/media?parent=687"}],"curies":[{"name":"wp","href":"https:\/\/api.w.org\/{rel}","templated":true}]}}