{"id":89,"date":"2023-04-11T18:22:07","date_gmt":"2023-04-11T16:22:07","guid":{"rendered":"https:\/\/ambasciatapraga.esteri.it\/?page_id=89"},"modified":"2026-02-04T09:30:23","modified_gmt":"2026-02-04T08:30:23","slug":"visti","status":"publish","type":"page","link":"https:\/\/amblubiana.esteri.it\/it\/servizi-consolari-e-visti\/servizi-per-il-cittadino-straniero\/visti\/","title":{"rendered":"Visti"},"content":{"rendered":"<p><strong>AVVISO<\/strong><\/p>\n<p><strong>Fermo operativo del sistema informatico VIS per la trattazione e emissione di visti d\u2019ingresso<\/strong><\/p>\n<p>Si informa che dalle <strong>ore 18:00<\/strong> (ora di Roma, CET) del <strong>12 febbraio 2026<\/strong> fino alle <strong>ore 00:00<\/strong> (ora di Roma, CET) del <strong>18 febbraio 2026<\/strong>, il sistema operativo VIS sar\u00e0 interessato da un fermo operativo temporaneo.<\/p>\n<p>Si tratta di un intervento tecnico programmato e urgente che comporter\u00e0 la momentanea sospensione delle attivit\u00e0 di ricezione e trattazione delle domande di visto, nonch\u00e9 quella di emissione di visti d\u2019ingresso.<\/p>\n<p>Si informa che, al fine di ridurre al massimo il disagio dell\u2019utenza, gli appuntamenti gi\u00e0 fissati saranno riprogrammati nei giorni immediatamente precedenti o successivi al periodo interessato dal fermo operativo, tenendo in debita considerazione le necessit\u00e0 prioritarie e i casi di urgenza.<\/p>\n<hr \/>\n<p>&nbsp;<\/p>\n<p class=\"boxLevel03\"><a href=\"https:\/\/amblubiana.esteri.it\/wp-content\/uploads\/2023\/10\/informativa_tdp_visti_ita_compilato.pdf\"><strong>INFORMATIVA SULLA PROTEZIONE DELLE PERSONE FISICHE CON RIGUARDO AL TRATTAMENTO DEI DATI PERSONALI AI FINI DEL RILASCIO DI UN VISTO D&#8217;INGRESSO IN ITALIA E NELLO SPAZIO SCHENGEN (Regolamento Generale sulla Protezione dei dati \/RGDP (UE) 2016\/679, art. 13 e 14)<\/strong><\/a><\/p>\n<p class=\"boxLevel03\"><strong>VISTI D&#8217;INGRESSO IN ITALIA<\/strong><\/p>\n<p class=\"boxLevel03\">Tutte le informazioni sui visti di ingresso nel nuovo portale &#8216;<a href=\"https:\/\/vistoperitalia.esteri.it\/home.aspx\">Il visto per l&#8217;Italia<\/a>&#8216;<\/p>\n<p class=\"boxLevel03\"><strong><br \/>\nStudy in Italy<\/strong><\/p>\n<p class=\"boxLevel03\">Il portale\u00a0<a href=\"https:\/\/studyinitaly.esteri.it\/\">Study in Italy<\/a>\u00a0\u00e8 dedicato all&#8217;internazionalizzazione del sistema della formazione superiore italiana ed \u00e8 disponibile in lingua italiana e inglese con il duplice obiettivo di creare una nuova piattaforma per la gestione del programma borse di studio del Governo Italiano e per orientare ed assistere lo studente internazionale interessato a trascorrere un periodo di studio in Italia.<\/p>\n<p class=\"boxLevel03\">Link:\u00a0<a href=\"https:\/\/studyinitaly.esteri.it\/\">Study in Italy<\/a><\/p>\n","protected":false},"excerpt":{"rendered":"AVVISO Fermo operativo del sistema informatico VIS per la trattazione e emissione di visti d\u2019ingresso Si informa che dalle ore 18:00 (ora di Roma, CET) del 12 febbraio 2026 fino alle ore 00:00 (ora di Roma, CET) del 18 febbraio 2026, il sistema operativo VIS sar\u00e0 interessato da un fermo operativo temporaneo. Si tratta di [&hellip;]","protected":false},"author":1,"featured_media":0,"parent":48,"menu_order":0,"comment_status":"closed","ping_status":"closed","template":"","meta":{"footnotes":""},"class_list":["post-89","page","type-page","status-publish","hentry"],"_links":{"self":[{"href":"https:\/\/amblubiana.esteri.it\/it\/wp-json\/wp\/v2\/pages\/89","targetHints":{"allow":["GET"]}}],"collection":[{"href":"https:\/\/amblubiana.esteri.it\/it\/wp-json\/wp\/v2\/pages"}],"about":[{"href":"https:\/\/amblubiana.esteri.it\/it\/wp-json\/wp\/v2\/types\/page"}],"author":[{"embeddable":true,"href":"https:\/\/amblubiana.esteri.it\/it\/wp-json\/wp\/v2\/users\/1"}],"replies":[{"embeddable":true,"href":"https:\/\/amblubiana.esteri.it\/it\/wp-json\/wp\/v2\/comments?post=89"}],"version-history":[{"count":3,"href":"https:\/\/amblubiana.esteri.it\/it\/wp-json\/wp\/v2\/pages\/89\/revisions"}],"predecessor-version":[{"id":6001,"href":"https:\/\/amblubiana.esteri.it\/it\/wp-json\/wp\/v2\/pages\/89\/revisions\/6001"}],"up":[{"embeddable":true,"href":"https:\/\/amblubiana.esteri.it\/it\/wp-json\/wp\/v2\/pages\/48"}],"wp:attachment":[{"href":"https:\/\/amblubiana.esteri.it\/it\/wp-json\/wp\/v2\/media?parent=89"}],"curies":[{"name":"wp","href":"https:\/\/api.w.org\/{rel}","templated":true}]}}