{"id":159,"date":"2023-04-11T17:07:36","date_gmt":"2023-04-11T15:07:36","guid":{"rendered":"https:\/\/amblubiana.esteri.it\/chi-siamo\/"},"modified":"2025-02-26T13:52:13","modified_gmt":"2025-02-26T12:52:13","slug":"chi-siamo","status":"publish","type":"page","link":"https:\/\/amblubiana.esteri.it\/sl\/chi-siamo\/","title":{"rendered":"Kdo smo"},"content":{"rendered":"<p>Veleposlani\u0161tvo Italije v Ljubljani vzdr\u017euje dvostranske odnose s Slovenijo, sosednjo dr\u017eavo in \u010dlanico Evropske unije.<\/p>\n<p>&nbsp;<\/p>\n<p>Vodja misije je veleposlanik Giuseppe Cavagna.<\/p>\n<p>&nbsp;<\/p>\n<p>V skladu z <a href=\"http:\/\/Convenzione di Vienna\">Dunajsko konvencijo<\/a> o diplomatskih odnosih z dne 18. aprila 1961 so naloge veleposlani\u0161tva med drugim naslednje:<\/p>\n<p>&nbsp;<\/p>\n<p>&#8211; zastopati Italijo v Sloveniji;<\/p>\n<p>-za\u0161\u010dititi interese Italije in njenih dr\u017eavljanov v okvirih, ki jih omogo\u010da mednarodno pravo;<\/p>\n<p>&#8211; pogajati se z Vlado Republike Slovenije;<\/p>\n<p>&#8211; seznanjati se, z vsemi zakonitimi sredstvi, z razmerami in razvojem dogodkov v Sloveniji ter poro\u010dati italijanski dr\u017eavi;<\/p>\n<p>&#8211; spodbujati prijateljske odnose in razvijati gospodarske, kulturne in znanstvene odnose med Italijo in Slovenijo.<\/p>\n<p>&nbsp;<\/p>\n<p>Veleposlani\u0161tvo Italije v Sloveniji je organizirano po <a href=\"https:\/\/amblubiana.esteri.it\/sl\/chi-siamo\/gli-uffici\/\">uradih<\/a>, sestavljenih iz osebja Ministrstva za zunanje zadeve in mednarodno sodelovanje ter drugih italijanskih javnih ustanov, in koordinira <a href=\"https:\/\/amblubiana.esteri.it\/sl\/chi-siamo\/la-rete-consolare\/\">mre\u017eo<\/a>, ki jo sestavljajo Generalni konzulat Italije v Kopru, Italijanski kulturni in\u0161titut v Ljubljani in Urad ICE-Italian Trade Agency v Ljubljani.<\/p>\n","protected":false},"excerpt":{"rendered":"Veleposlani\u0161tvo Italije v Ljubljani vzdr\u017euje dvostranske odnose s Slovenijo, sosednjo dr\u017eavo in \u010dlanico Evropske unije. &nbsp; Vodja misije je veleposlanik Giuseppe Cavagna. &nbsp; V skladu z Dunajsko konvencijo o diplomatskih odnosih z dne 18. aprila 1961 so naloge veleposlani\u0161tva med drugim naslednje: &nbsp; &#8211; zastopati Italijo v Sloveniji; -za\u0161\u010dititi interese Italije in njenih dr\u017eavljanov v [&hellip;]","protected":false},"author":1,"featured_media":0,"parent":0,"menu_order":2,"comment_status":"closed","ping_status":"closed","template":"","meta":{"footnotes":""},"class_list":["post-159","page","type-page","status-publish","hentry"],"_links":{"self":[{"href":"https:\/\/amblubiana.esteri.it\/sl\/wp-json\/wp\/v2\/pages\/159","targetHints":{"allow":["GET"]}}],"collection":[{"href":"https:\/\/amblubiana.esteri.it\/sl\/wp-json\/wp\/v2\/pages"}],"about":[{"href":"https:\/\/amblubiana.esteri.it\/sl\/wp-json\/wp\/v2\/types\/page"}],"author":[{"embeddable":true,"href":"https:\/\/amblubiana.esteri.it\/sl\/wp-json\/wp\/v2\/users\/1"}],"replies":[{"embeddable":true,"href":"https:\/\/amblubiana.esteri.it\/sl\/wp-json\/wp\/v2\/comments?post=159"}],"version-history":[{"count":5,"href":"https:\/\/amblubiana.esteri.it\/sl\/wp-json\/wp\/v2\/pages\/159\/revisions"}],"predecessor-version":[{"id":5183,"href":"https:\/\/amblubiana.esteri.it\/sl\/wp-json\/wp\/v2\/pages\/159\/revisions\/5183"}],"wp:attachment":[{"href":"https:\/\/amblubiana.esteri.it\/sl\/wp-json\/wp\/v2\/media?parent=159"}],"curies":[{"name":"wp","href":"https:\/\/api.w.org\/{rel}","templated":true}]}}