{"id":163,"date":"2023-09-25T15:18:30","date_gmt":"2023-09-25T13:18:30","guid":{"rendered":"https:\/\/amblubiana.esteri.it\/chi-siamo\/contatti\/"},"modified":"2025-02-21T12:48:38","modified_gmt":"2025-02-21T11:48:38","slug":"contatti","status":"publish","type":"page","link":"https:\/\/amblubiana.esteri.it\/sl\/chi-siamo\/contatti\/","title":{"rendered":"Kontakti"},"content":{"rendered":"<div class=\"textwidget\">\n<p><strong>Veleposlani\u0161tvo Italije v Ljubljani<\/strong><\/p>\n<p>Sne\u017eni\u0161ka ulica 8<br \/>\n1000 Ljubljana<\/p>\n<p>Tel.\u00a0\u00a0 00 386 1 4262194 \/ 4262320 \/ 4258659<\/p>\n<p><strong>Email:<\/strong><\/p>\n<p><strong>Tajni\u0161tvo in arhiv <\/strong><\/p>\n<ul>\n<li><a href=\"mailto:segreteria.lubiana@esteri.it\">segreteria.lubiana@esteri.it<\/a><\/li>\n<li><a href=\"mailto:archivio.lubiana@esteri.it\">archivio.lubiana@esteri.it<\/a><\/li>\n<\/ul>\n<p><strong>Ra\u010dunovodstvo<\/strong><\/p>\n<ul>\n<li><a href=\"mailto:contabilita.lubiana@esteri.it\">contabilita.lubiana@esteri.it<\/a><\/li>\n<\/ul>\n<p><strong>Tiskovni urad<br \/>\n<\/strong><\/p>\n<ul>\n<li><a href=\"mailto:stampa.lubiana@esteri.it\">stampa.lubiana@esteri.it<\/a><\/li>\n<\/ul>\n<p><strong>Konzularni oddelek <\/strong><\/p>\n<ul>\n<li><a href=\"mailto:consolare.lubiana@esteri.it\">consolare.lubiana@esteri.it<\/a><\/li>\n<\/ul>\n<p><strong>PEC:<\/strong><\/p>\n<ul>\n<li><a href=\"mailto:amb.lubiana.consolare@cert.esteri.it\">amb.lubiana.consolare@cert.esteri.it<\/a> (konzularni oddelek)<\/li>\n<li><a href=\"mailto:amb.lubiana.pass@cert.esteri.it\">amb.lubiana.pass@cert.esteri.it<\/a> (potni listi)<\/li>\n<li><a href=\"mailto:amb.lubiana@cert.esteri.it\">amb.lubiana@cert.esteri.it<\/a> (tajni\u0161tvo in arhiv)<\/li>\n<\/ul>\n<p><strong>De\u017eurna \u0161tevilka\u00a0 00 386 41 736 773 <\/strong><\/p>\n<p>Veleposlani\u0161tvo je dosegljivo izven delovnega \u010dasa (po 16:30 od ponedeljka do \u010detrtka in po 16. uri ob petkih), ob sobotah, nedeljah in praznikih na zgornji \u0161tevilki (izklju\u010dno za nujne primere, ne za informacije splo\u0161nega zna\u010daja)<\/p>\n<p>&nbsp;<\/p>\n<p>&nbsp;<\/p>\n<\/div>\n","protected":false},"excerpt":{"rendered":"Veleposlani\u0161tvo Italije v Ljubljani Sne\u017eni\u0161ka ulica 8 1000 Ljubljana Tel.\u00a0\u00a0 00 386 1 4262194 \/ 4262320 \/ 4258659 Email: Tajni\u0161tvo in arhiv segreteria.lubiana@esteri.it archivio.lubiana@esteri.it Ra\u010dunovodstvo contabilita.lubiana@esteri.it Tiskovni urad stampa.lubiana@esteri.it Konzularni oddelek consolare.lubiana@esteri.it PEC: amb.lubiana.consolare@cert.esteri.it (konzularni oddelek) amb.lubiana.pass@cert.esteri.it (potni listi) amb.lubiana@cert.esteri.it (tajni\u0161tvo in arhiv) De\u017eurna \u0161tevilka\u00a0 00 386 41 736 773 Veleposlani\u0161tvo je dosegljivo izven delovnega [&hellip;]","protected":false},"author":1,"featured_media":0,"parent":159,"menu_order":4,"comment_status":"closed","ping_status":"closed","template":"","meta":{"footnotes":""},"class_list":["post-163","page","type-page","status-publish","hentry"],"_links":{"self":[{"href":"https:\/\/amblubiana.esteri.it\/sl\/wp-json\/wp\/v2\/pages\/163","targetHints":{"allow":["GET"]}}],"collection":[{"href":"https:\/\/amblubiana.esteri.it\/sl\/wp-json\/wp\/v2\/pages"}],"about":[{"href":"https:\/\/amblubiana.esteri.it\/sl\/wp-json\/wp\/v2\/types\/page"}],"author":[{"embeddable":true,"href":"https:\/\/amblubiana.esteri.it\/sl\/wp-json\/wp\/v2\/users\/1"}],"replies":[{"embeddable":true,"href":"https:\/\/amblubiana.esteri.it\/sl\/wp-json\/wp\/v2\/comments?post=163"}],"version-history":[{"count":6,"href":"https:\/\/amblubiana.esteri.it\/sl\/wp-json\/wp\/v2\/pages\/163\/revisions"}],"predecessor-version":[{"id":3982,"href":"https:\/\/amblubiana.esteri.it\/sl\/wp-json\/wp\/v2\/pages\/163\/revisions\/3982"}],"up":[{"embeddable":true,"href":"https:\/\/amblubiana.esteri.it\/sl\/wp-json\/wp\/v2\/pages\/159"}],"wp:attachment":[{"href":"https:\/\/amblubiana.esteri.it\/sl\/wp-json\/wp\/v2\/media?parent=163"}],"curies":[{"name":"wp","href":"https:\/\/api.w.org\/{rel}","templated":true}]}}