{"id":192,"date":"2023-04-11T17:55:33","date_gmt":"2023-04-11T15:55:33","guid":{"rendered":"https:\/\/amblubiana.esteri.it\/chi-siamo\/la-sede\/"},"modified":"2026-02-26T11:31:50","modified_gmt":"2026-02-26T10:31:50","slug":"la-sede","status":"publish","type":"page","link":"https:\/\/amblubiana.esteri.it\/sl\/chi-siamo\/la-sede\/","title":{"rendered":"Sede\u017e"},"content":{"rendered":"<h2>Veleposlani\u0161tvo Italije<\/h2>\n<p style=\"font-weight: 400;\">Sne\u017eni\u0161ka ulica 8<br \/>\n1000 Ljubljana<br \/>\nTel. 00 386 1 4262194\/4262320\/4258659<br \/>\nFaks 00 386 1 4253302<\/p>\n<p><b><strong>e-mail:<\/strong><\/b><\/p>\n<ul style=\"font-weight: 400;\">\n<li><a href=\"mailto:archivio.lubiana@esteri.it\">archivio.lubiana@esteri.it<\/a><\/li>\n<li><a href=\"mailto:consolare.lubiana@esteri.it\">consolare.lubiana@esteri.it<\/a><\/li>\n<li><a href=\"mailto:contabilita.lubiana@esteri.it\">contabilita.lubiana@esteri.it<\/a><\/li>\n<li><a href=\"mailto:segreteria.lubiana@esteri.it\">segreteria.lubiana@esteri.it<\/a><\/li>\n<li><a href=\"mailto:stampa.lubiana@esteri.it\">stampa.lubiana@esteri.it<\/a><\/li>\n<\/ul>\n<p style=\"font-weight: 400;\"><b><strong>Veleposlanik<\/strong><\/b> Giuseppe Cavagna<\/p>\n<p><strong>Namestnica veleposlanika <\/strong>Anthea Sara Mazzucchelli<\/p>\n<p style=\"font-weight: 400;\"><b><strong>Koordinator za administrativne zadeve<\/strong><\/b> Enrico Salandri<\/p>\n<p>Veleposlani\u0161tvo je odprto za stranke od ponedeljka do petka od 9. do 12. ure SAMO PO PREDHODNEM DOGOVORU, po mo\u017enosti preko elektronske po\u0161te, na posamezni oddelek (gl. seznam uradov); telefonska centrala odgovarja od ponedeljka do \u010detrtka od 9.00 do 16.30 in ob petkih od 9.00 do 16.00, razen ob praznikih (gl. seznam prazni\u010dnih dni).<\/p>\n<p>Izven delovnega \u010dasa ter ob sobotah, nedeljah in praznikih lahko pokli\u010dete na tel. \u0161tevilko: 00 386 41 736773\u00a0 (izklju\u010dno za nujne primere, ne za informacije splo\u0161nega zna\u010daja).<\/p>\n<p><b><strong>KLIC V SILI<\/strong><\/b><\/p>\n<p style=\"font-weight: 400;\">V vseh dr\u017eavah Evropske unije lahko brezpla\u010dno kontaktirate, za klic v sili, telefonsko \u0161tevilko 112, tako s fiksne kot mobilne telefonije.<br \/>\n\u0160tevilka 112 odgovarja 7 dni na teden, 24 ur na dan. Pomo\u010d zagotavljajo lokalne oblasti, kontakt pa je mo\u017een v uradnem jeziku oz. jezikih posamezne dr\u017eave, pogosto tudi v enem od svetovnih jezikov.<\/p>\n<p style=\"font-weight: 400;\"><b><strong>\u0160tevilki telefona in faksa veleposlani\u0161tva<\/strong><\/b><\/p>\n<ul style=\"font-weight: 400;\">\n<li>tel. 00386 1 4262194\/4262320<\/li>\n<li>faks 00386 1 4253302<\/li>\n<\/ul>\n<p style=\"font-weight: 400;\"><a href=\"https:\/\/conscapodistria.esteri.it\/it\/\"><b><strong>Generalni konzulat Italije Koper &#8211; uradna spletna stran Generalnega konzulata Italije v Kopru<\/strong><\/b><\/a><br \/>\nRiva Belvedere, 2<br \/>\n6000 Koper (Capodistria)<\/p>\n<p style=\"font-weight: 400;\"><b><strong>Generalna konzulka:<\/strong><\/b> Simona Ciuffoni<br \/>\ntel. 00 386 5 6273747<\/p>\n<p style=\"font-weight: 400;\">e-mail:\u00a0<a href=\"mailto:consgen.capodistria@esteri.it\">consgen.capodistria@esteri.it<\/a><br \/>\nmobilna \u0161tevilka: 00 386 64 298224 (v izrednih primerih izven delovnega \u010dasa)<br \/>\nKonzulat je odprt za stranke od ponedeljka do petka od 9. do 11. ure.<\/p>\n<p>Izven delovnega \u010dasa kontaktirati ob uradnih urah po predhodnem dogovoru, in sicer na tel. \u0161t. 00386 5 6273747 ali po mejlu na capodistria.consolare(at)esteri.it<\/p>\n<p><a href=\"https:\/\/iiclubiana.esteri.it\/it\/\"><b><strong>Italijanski in\u0161titut za kulturo (Istituto Italiano di Cultura) v Ljubljani &#8211; uradna spletna strasna<\/strong><\/b><\/a><br \/>\nOddelek Veleposlani\u0161tva Italije za kulturno promocijo<br \/>\n<b><strong>Direktor: <\/strong><\/b>Andrea Tremaroli<br \/>\nBreg 12 1000 Ljubljana<br \/>\ntel. 00 386 1 2415640<br \/>\nfaks 00 386 1 2415643<br \/>\ne-mail:\u00a0<a href=\"mailto:direttore.iiclubiana@esteri.it\">direttore.iiclubiana@esteri.it<\/a>;\u00a0<a href=\"mailto:addetto.iiclubiana@esteri.it\">addetto.iiclubiana@esteri.it<\/a>;\u00a0<a href=\"mailto:segreteria.iiclubiana@esteri.it\">segreteria.iiclubiana@esteri.it<\/a><\/p>\n<p>&nbsp;<\/p>\n<p><a href=\"https:\/\/www.ice.it\/it\/mercati\/slovenia\/lubiana\"><b><strong>Italijanski in\u0161titut za zunanjo trgovino &#8211; ICE (Istituto Commercio Estero) v Ljubljani<\/strong><\/b><\/a><\/p>\n<p style=\"font-weight: 400;\">Oddelek Veleposlani\u0161tva Italije za promocijo izmenjav<\/p>\n<p style=\"font-weight: 400;\"><strong>Direktor<\/strong>: Giacomo Ricciotti<br \/>\nCankarjeva, 10<br \/>\n1000 Ljubljana<br \/>\ntel. 00 386 1 4224370<br \/>\nfaks 00 386 1 4224375<br \/>\ne-mail:\u00a0<a href=\"mailto:lubiana.lubiana@ice.it\">lubiana.lubiana@ice.it<\/a><\/p>\n<p><b><strong>Letni koledar prazni\u010dnih dni<\/strong><\/b><\/p>\n<ul style=\"font-weight: 400;\">\n<li>01. januar Novo leto<\/li>\n<li>06. januar Sveti trije kralji<\/li>\n<li>Velikono\u010dni ponedeljek<\/li>\n<li>25. april Dan osvoboditve<\/li>\n<li>01. maj Praznik dela<\/li>\n<li>02. junij Italijanski dr\u017eavni praznik<\/li>\n<li>25. junij Dan dr\u017eavnosti Republike Slovenije<\/li>\n<li>15. avgust Marijino vnebovzetje<\/li>\n<li>01. november Vsi sveti<\/li>\n<li>25. december Bo\u017ei\u010d<\/li>\n<li>26. december Dan samostojnosti in enotnosti Republike Slovenije<\/li>\n<\/ul>\n","protected":false},"excerpt":{"rendered":"Veleposlani\u0161tvo Italije Sne\u017eni\u0161ka ulica 8 1000 Ljubljana Tel. 00 386 1 4262194\/4262320\/4258659 Faks 00 386 1 4253302 e-mail: archivio.lubiana@esteri.it consolare.lubiana@esteri.it contabilita.lubiana@esteri.it segreteria.lubiana@esteri.it stampa.lubiana@esteri.it Veleposlanik Giuseppe Cavagna Namestnica veleposlanika Anthea Sara Mazzucchelli Koordinator za administrativne zadeve Enrico Salandri Veleposlani\u0161tvo je odprto za stranke od ponedeljka do petka od 9. do 12. ure SAMO PO PREDHODNEM DOGOVORU, [&hellip;]","protected":false},"author":1,"featured_media":0,"parent":159,"menu_order":2,"comment_status":"closed","ping_status":"closed","template":"","meta":{"footnotes":""},"class_list":["post-192","page","type-page","status-publish","hentry"],"_links":{"self":[{"href":"https:\/\/amblubiana.esteri.it\/sl\/wp-json\/wp\/v2\/pages\/192","targetHints":{"allow":["GET"]}}],"collection":[{"href":"https:\/\/amblubiana.esteri.it\/sl\/wp-json\/wp\/v2\/pages"}],"about":[{"href":"https:\/\/amblubiana.esteri.it\/sl\/wp-json\/wp\/v2\/types\/page"}],"author":[{"embeddable":true,"href":"https:\/\/amblubiana.esteri.it\/sl\/wp-json\/wp\/v2\/users\/1"}],"replies":[{"embeddable":true,"href":"https:\/\/amblubiana.esteri.it\/sl\/wp-json\/wp\/v2\/comments?post=192"}],"version-history":[{"count":6,"href":"https:\/\/amblubiana.esteri.it\/sl\/wp-json\/wp\/v2\/pages\/192\/revisions"}],"predecessor-version":[{"id":6047,"href":"https:\/\/amblubiana.esteri.it\/sl\/wp-json\/wp\/v2\/pages\/192\/revisions\/6047"}],"up":[{"embeddable":true,"href":"https:\/\/amblubiana.esteri.it\/sl\/wp-json\/wp\/v2\/pages\/159"}],"wp:attachment":[{"href":"https:\/\/amblubiana.esteri.it\/sl\/wp-json\/wp\/v2\/media?parent=192"}],"curies":[{"name":"wp","href":"https:\/\/api.w.org\/{rel}","templated":true}]}}