{"id":196,"date":"2023-04-11T18:07:19","date_gmt":"2023-04-11T16:07:19","guid":{"rendered":"https:\/\/amblubiana.esteri.it\/chi-siamo\/numeri-di-emergenza\/"},"modified":"2025-02-14T15:37:32","modified_gmt":"2025-02-14T14:37:32","slug":"numeri-di-emergenza","status":"publish","type":"page","link":"https:\/\/amblubiana.esteri.it\/sl\/chi-siamo\/numeri-di-emergenza\/","title":{"rendered":"\u0160tevilke za klic v sili"},"content":{"rendered":"<p><strong>Veleposlani\u0161tvo Italije v Ljubljani<\/strong> je odprto za stranke od ponedeljka do petka od 9. do 12. ure, SAMO PO PREDHODNEM DOGOVORU, po mo\u017enosti preko elektronske po\u0161te, na posamezni oddelek (gl. seznam uradov); telefonska centrala odgovarja od ponedeljka do \u010detrtka od 9.00 do 16.30 in od 9.00 do 16.00 ob petkih, razen ob praznikih &#8211; gl. seznam prazni\u010dnih dni).<\/p>\n<p>Ob nujnih primerih (in ne zgolj pri iskanju informacij razli\u010dne narave) se lahko obrnete na de\u017eurno telefonsko \u0161tevilko 00 386 41 736773, in sicer od ponedeljka do petka med 16.30 in 22. uro ter ob sobotah, nedeljah in praznikih med 8. in 22. uro.<\/p>\n<p><strong>Generalni konzulat Italije v Kopru<\/strong> je odprt za stranke od ponedeljka do petka od 9. do 11. ure. Telefonsko je dosegljiv na tel. 00 386 5 6273747 ali pa po mejlu na <a href=\"mailto:consgen.capodistria@esteri.it\">consgen.capodistria@esteri.it<\/a><br \/>\nMobilna \u0161tevilka: 00 386 64 298224 (v izrednih primerih izven delovnega \u010dasa)<\/p>\n","protected":false},"excerpt":{"rendered":"Veleposlani\u0161tvo Italije v Ljubljani je odprto za stranke od ponedeljka do petka od 9. do 12. ure, SAMO PO PREDHODNEM DOGOVORU, po mo\u017enosti preko elektronske po\u0161te, na posamezni oddelek (gl. seznam uradov); telefonska centrala odgovarja od ponedeljka do \u010detrtka od 9.00 do 16.30 in od 9.00 do 16.00 ob petkih, razen ob praznikih &#8211; gl. [&hellip;]","protected":false},"author":1,"featured_media":0,"parent":159,"menu_order":6,"comment_status":"closed","ping_status":"closed","template":"","meta":{"footnotes":""},"class_list":["post-196","page","type-page","status-publish","hentry"],"_links":{"self":[{"href":"https:\/\/amblubiana.esteri.it\/sl\/wp-json\/wp\/v2\/pages\/196","targetHints":{"allow":["GET"]}}],"collection":[{"href":"https:\/\/amblubiana.esteri.it\/sl\/wp-json\/wp\/v2\/pages"}],"about":[{"href":"https:\/\/amblubiana.esteri.it\/sl\/wp-json\/wp\/v2\/types\/page"}],"author":[{"embeddable":true,"href":"https:\/\/amblubiana.esteri.it\/sl\/wp-json\/wp\/v2\/users\/1"}],"replies":[{"embeddable":true,"href":"https:\/\/amblubiana.esteri.it\/sl\/wp-json\/wp\/v2\/comments?post=196"}],"version-history":[{"count":6,"href":"https:\/\/amblubiana.esteri.it\/sl\/wp-json\/wp\/v2\/pages\/196\/revisions"}],"predecessor-version":[{"id":5059,"href":"https:\/\/amblubiana.esteri.it\/sl\/wp-json\/wp\/v2\/pages\/196\/revisions\/5059"}],"up":[{"embeddable":true,"href":"https:\/\/amblubiana.esteri.it\/sl\/wp-json\/wp\/v2\/pages\/159"}],"wp:attachment":[{"href":"https:\/\/amblubiana.esteri.it\/sl\/wp-json\/wp\/v2\/media?parent=196"}],"curies":[{"name":"wp","href":"https:\/\/api.w.org\/{rel}","templated":true}]}}