{"id":198,"date":"2023-04-11T18:08:31","date_gmt":"2023-04-11T16:08:31","guid":{"rendered":"https:\/\/amblubiana.esteri.it\/chi-siamo\/la-rete-consolare\/"},"modified":"2025-02-20T15:54:16","modified_gmt":"2025-02-20T14:54:16","slug":"la-rete-consolare","status":"publish","type":"page","link":"https:\/\/amblubiana.esteri.it\/sl\/chi-siamo\/la-rete-consolare\/","title":{"rendered":"Konzularna mre\u017ea"},"content":{"rendered":"<p style=\"font-weight: 400;\"><b><strong>KONZULARNA MRE\u017dA<br \/>\n<\/strong><\/b><\/p>\n<p style=\"font-weight: 400;\">Italijanska diplomatsko-konzularna mre\u017ea v Sloveniji zajema Veleposlani\u0161tvo v Ljubljani in\u00a0<b><strong>Generalni Konzulat v Kopru<\/strong><\/b>.<br \/>\nVeleposlani\u0161tvo je pristojno za konzularne zadeve in vizume za celotno obmo\u010dje Slovenije razen naslednjih ob\u010din:<\/p>\n<p>Koper; Ankaran; Piran; Izola; Se\u017eana; Hrpelje-Kozina; Komen; Diva\u010da; Ilirska Bistrica; Postojna; Pivka; Ajdov\u0161\u010dina; Vipava; Nova Gorica; Ren\u010de-Vogrsko; Miren-Kostanjevica; Brda; Kanal; Idrija; Cerkno; Tolmin; Kobarid; Bovec; \u0160empeter-Vrtojba.<\/p>\n<p style=\"font-weight: 400;\"><b><strong>Konzularni oddelek pri Veleposlani\u0161tvo Italije<\/strong><\/b><\/p>\n<p style=\"font-weight: 400;\">Sne\u017eni\u0161ka ulica, 8 &#8211; 1000 Ljubljana<\/p>\n<p style=\"font-weight: 400;\">Veleposlani\u0161tvo je odprto za stranke ob delavnikih od ponedeljka do petka od 9. do 11. ure. Telefonska centrala se odziva ob delavnikih od 8. do 16.30 od ponedeljka do petka.<br \/>\nOb nujnih primerih (in ne zgolj pri iskanju informacij razli\u010dne narave) se lahko obrnete na de\u017eurno telefonsko \u0161tevilko 00 386 41 736773, in sicer od ponedeljka do petka med 16.30 in 22. uro ter ob sobotah, nedeljah in praznikih med 8. in 22. uro.<\/p>\n<p><b><strong>Telefonske in faks \u0161tevilke Veleposlani\u0161tva<\/strong><\/b><\/p>\n<p>&#8211;\u00a0\u00a0\u00a0\u00a0\u00a0\u00a0\u00a0\u00a0 tel. 00386 1 4262194 \/ 4262320<br \/>\n&#8211;\u00a0\u00a0\u00a0\u00a0\u00a0\u00a0\u00a0\u00a0 fax 00386 1 4253302<\/p>\n<p>e mail:\u00a0<a href=\"mailto:consolare.lubiana@esteri.itGeneralni\">consolare.lubiana@esteri.it<\/a><\/p>\n<p>&nbsp;<\/p>\n<p><a href=\"https:\/\/conscapodistria.esteri.it\/it\/\"><b><strong>Generalni Konzulat Koper &#8211; uradna spletna stran Generalnega konzulata Italije v Kopru<\/strong><\/b><\/a><\/p>\n<p style=\"font-weight: 400;\">Riva Belveder, 2 \u2013 6000 Koper<\/p>\n<p style=\"font-weight: 400;\">Konzulat je odprt za stranke ob delavnikih od ponedeljka do petka od 9. do 11. ure.<\/p>\n<p style=\"font-weight: 400;\">tel. \u0161t. 00 386 5 6273747<\/p>\n<p style=\"font-weight: 400;\">faks \u0161t. 00 386 5 6273746<\/p>\n<p style=\"font-weight: 400;\">mobitel 00386 64 298224 (klic izven delovnega \u010dasa v primeru nepredvidenih dogodkov)<\/p>\n<p style=\"font-weight: 400;\">e-mail:\u00a0<a href=\"mailto:consgen.capodistria@esteri.it\">consgen.capodistria@esteri.it<\/a><\/p>\n","protected":false},"excerpt":{"rendered":"KONZULARNA MRE\u017dA Italijanska diplomatsko-konzularna mre\u017ea v Sloveniji zajema Veleposlani\u0161tvo v Ljubljani in\u00a0Generalni Konzulat v Kopru. Veleposlani\u0161tvo je pristojno za konzularne zadeve in vizume za celotno obmo\u010dje Slovenije razen naslednjih ob\u010din: Koper; Ankaran; Piran; Izola; Se\u017eana; Hrpelje-Kozina; Komen; Diva\u010da; Ilirska Bistrica; Postojna; Pivka; Ajdov\u0161\u010dina; Vipava; Nova Gorica; Ren\u010de-Vogrsko; Miren-Kostanjevica; Brda; Kanal; Idrija; Cerkno; Tolmin; Kobarid; Bovec; [&hellip;]","protected":false},"author":1,"featured_media":0,"parent":159,"menu_order":8,"comment_status":"closed","ping_status":"closed","template":"","meta":{"footnotes":""},"class_list":["post-198","page","type-page","status-publish","hentry"],"_links":{"self":[{"href":"https:\/\/amblubiana.esteri.it\/sl\/wp-json\/wp\/v2\/pages\/198","targetHints":{"allow":["GET"]}}],"collection":[{"href":"https:\/\/amblubiana.esteri.it\/sl\/wp-json\/wp\/v2\/pages"}],"about":[{"href":"https:\/\/amblubiana.esteri.it\/sl\/wp-json\/wp\/v2\/types\/page"}],"author":[{"embeddable":true,"href":"https:\/\/amblubiana.esteri.it\/sl\/wp-json\/wp\/v2\/users\/1"}],"replies":[{"embeddable":true,"href":"https:\/\/amblubiana.esteri.it\/sl\/wp-json\/wp\/v2\/comments?post=198"}],"version-history":[{"count":6,"href":"https:\/\/amblubiana.esteri.it\/sl\/wp-json\/wp\/v2\/pages\/198\/revisions"}],"predecessor-version":[{"id":5143,"href":"https:\/\/amblubiana.esteri.it\/sl\/wp-json\/wp\/v2\/pages\/198\/revisions\/5143"}],"up":[{"embeddable":true,"href":"https:\/\/amblubiana.esteri.it\/sl\/wp-json\/wp\/v2\/pages\/159"}],"wp:attachment":[{"href":"https:\/\/amblubiana.esteri.it\/sl\/wp-json\/wp\/v2\/media?parent=198"}],"curies":[{"name":"wp","href":"https:\/\/api.w.org\/{rel}","templated":true}]}}