{"id":200,"date":"2023-04-11T17:08:52","date_gmt":"2023-04-11T15:08:52","guid":{"rendered":"https:\/\/amblubiana.esteri.it\/italia-e-slovenia\/"},"modified":"2023-12-19T14:46:56","modified_gmt":"2023-12-19T13:46:56","slug":"italia-e-slovenia","status":"publish","type":"page","link":"https:\/\/amblubiana.esteri.it\/sl\/italia-e-slovenia\/","title":{"rendered":"Italija in Slovenija"},"content":{"rendered":"<p>Italijo in Slovenijo, sosedni in prijateljski dr\u017eavi ter zaveznici, dru\u017eijo \u010dvrste zgodovinske, politi\u010dne, gospodarske, trgovinske in kulturne vezi. Obe sodelujeta namre\u010d na razli\u010dnih in \u0161tevilnih podro\u010djih, vklju\u010dno z voja\u0161kim; razvito je tudi sodelovanje med policijama obeh dr\u017eav. To ne poteka zgolj na in\u0161titucionalni ravni, ampak tudi med subjekti, ki poganjajo gospodarsko dejavnost, ter na akademskem, kulturnem in znanstvenem podro\u010dju. V okvir tega partnerstva spadata tudi skupno \u010dlanstvo v Evropski uniji in NATO. Sre\u010danje, ki ga je opravil 17. marca 2023 v Ljubljani podpredsednik italijanske vlade in minister za zunanje zadeve in mednarodno sodelovanje Antonio Tajani ter prvi uradni obisk predsednice Republike Slovenije Nata\u0161e Pirc Musar v Rimu, kjer je imela pogovore z italijanskim predsednikom republike Sergiom Mattarello, so pomembno okrepili dvostranske odnose med Rimom in Ljubljano po spremembah v in\u0161titucionalnem vrhu v obeh dr\u017eavah v letu 2022.<\/p>\n<p>S skoraj 14 milijardami evrov izmenjave v letu 2022 je Italija, v odnosu do Slovenije, \u0161e naprej na drugem mestu med dr\u017eavami Evropske unije in na tretjem mestu v globalnem merilu. Po podatkih ustanove SACE, je bila Slovenija leta 2022 na 17. mestu v absolutnem merilu; pri tem ostaja najpomembnej\u0161a trgovinska partnerica med dr\u017eavami nekdanje Jugoslavije.<\/p>\n<p>Tudi sodelovanje na akademski ravni je zelo \u017eivahno, saj je bilo sklenjenih skoraj 50 meduniverzitetnih sporazumov. Prisotnost avtohtone italijanske manj\u0161ine v Sloveniji in slovenske v Italiji, ki \u0161e naprej opravljata povezovalno vlogo med obema dr\u017eavama, predstavlja dodano vrednost in bogastvo v dvostranskih odnosih. Na \u017eivahne kulturne odnose vpliva namre\u010d ne samo pripadnost k Evropski uniji \u2013 le-to omogo\u010da ustanovam obeh dr\u017eav sodelovanje tudi v okviru evropskih programov \u2013 ampak tudi navzo\u010dnost dejavnih narodnih manj\u0161in na ozemlju obeh dr\u017eav.<\/p>\n<p>V tem kontekstu predstavlja skupno imenovanje Gorice in Nove Gorice za Evropsko prestolnico kulture 2025, v zgodovinskem merilu, prvi primer ko se to pomembno priznanje podeljuje obmejnima mestoma v dveh razli\u010dnih dr\u017eavah. Gre za projekt, ki bo pomembno u\u010dinkoval ne samo na kulturno, kulinari\u010dno in turisti\u010dno podro\u010dje, ampak tudi na regijo nasploh; predvidene so namre\u010d nalo\u017ebe na podro\u010dju infrastruktur in prometa, poleg prekvalifikacije prostora in urbanega okolja.<\/p>\n<p>Slovenija,skupaj s Hrva\u0161ko in Italijo, sodeluje v severnojadranski Trilaterali; le-ta sega na strate\u0161ka podro\u010dja, kot so prometne povezave in prevozi, varstvo okolja, varnost v pomorskem prometu in sodelovanje med pristani\u0161\u010di.<\/p>\n<p><img decoding=\"async\" src=\"https:\/\/amblubiana.esteri.it\/wp-content\/uploads\/2023\/11\/incontro_mattarella-pirc_musar-768x512.jpg\" alt=\"incontro_mattarella-pirc_musar\" \/><\/p>\n","protected":false},"excerpt":{"rendered":"Italijo in Slovenijo, sosedni in prijateljski dr\u017eavi ter zaveznici, dru\u017eijo \u010dvrste zgodovinske, politi\u010dne, gospodarske, trgovinske in kulturne vezi. Obe sodelujeta namre\u010d na razli\u010dnih in \u0161tevilnih podro\u010djih, vklju\u010dno z voja\u0161kim; razvito je tudi sodelovanje med policijama obeh dr\u017eav. To ne poteka zgolj na in\u0161titucionalni ravni, ampak tudi med subjekti, ki poganjajo gospodarsko dejavnost, ter na akademskem, [&hellip;]","protected":false},"author":1,"featured_media":0,"parent":0,"menu_order":4,"comment_status":"closed","ping_status":"closed","template":"","meta":{"footnotes":""},"class_list":["post-200","page","type-page","status-publish","hentry"],"_links":{"self":[{"href":"https:\/\/amblubiana.esteri.it\/sl\/wp-json\/wp\/v2\/pages\/200","targetHints":{"allow":["GET"]}}],"collection":[{"href":"https:\/\/amblubiana.esteri.it\/sl\/wp-json\/wp\/v2\/pages"}],"about":[{"href":"https:\/\/amblubiana.esteri.it\/sl\/wp-json\/wp\/v2\/types\/page"}],"author":[{"embeddable":true,"href":"https:\/\/amblubiana.esteri.it\/sl\/wp-json\/wp\/v2\/users\/1"}],"replies":[{"embeddable":true,"href":"https:\/\/amblubiana.esteri.it\/sl\/wp-json\/wp\/v2\/comments?post=200"}],"version-history":[{"count":2,"href":"https:\/\/amblubiana.esteri.it\/sl\/wp-json\/wp\/v2\/pages\/200\/revisions"}],"predecessor-version":[{"id":3872,"href":"https:\/\/amblubiana.esteri.it\/sl\/wp-json\/wp\/v2\/pages\/200\/revisions\/3872"}],"wp:attachment":[{"href":"https:\/\/amblubiana.esteri.it\/sl\/wp-json\/wp\/v2\/media?parent=200"}],"curies":[{"name":"wp","href":"https:\/\/api.w.org\/{rel}","templated":true}]}}