{"id":224,"date":"2023-04-11T18:20:20","date_gmt":"2023-04-11T16:20:20","guid":{"rendered":"https:\/\/amblubiana.esteri.it\/servizi-consolari-e-visti\/servizi-per-il-cittadino-italiano\/codice-fiscale\/"},"modified":"2026-03-10T12:24:44","modified_gmt":"2026-03-10T11:24:44","slug":"codice-fiscale","status":"publish","type":"page","link":"https:\/\/amblubiana.esteri.it\/sl\/servizi-consolari-e-visti\/servizi-per-il-cittadino-italiano\/codice-fiscale\/","title":{"rendered":"Dav\u010dna \u0161tevilka"},"content":{"rendered":"<p>ITALIJANSKI DR\u017dAVLJANI S PREBIVALI\u0160\u010cEM V TUJINI, VPISANI V AIRE (register italijanskih dr\u017eavljanov s prebivali\u0161\u010dem v tujini)<\/p>\n<p>&nbsp;<\/p>\n<p>Polnoletni italijanski dr\u017eavljani, ki so vpisani v AIRE, lahko zase in za svoje mladoletne otroke zaprosijo za dav\u010dno \u0161tevilko prek spletnega portala Fast It tako, da se poslu\u017eijo te storitve in sledijo navodilom. Ko je vloga obdelana, lahko prek portala Fast It nalo\u017eijo potrdilo o dodelitvi dav\u010dne kode.<\/p>\n<p>Kako?<\/p>\n<ol>\n<li>Vstopite v portal Fast It;<\/li>\n<li>Kliknite na \u201cAnagrafe Consolare e AIRE\u00ab in nato na \u00bbAttribuzione Codice fiscale\u00ab;<\/li>\n<li>Potrdite podatke in za\u010dnite postopek;<\/li>\n<li>Ko konzulat obdela vlogo, lahko nalo\u017eite (download) potrdilo o dodelitvi dav\u010dne kode.<\/li>\n<\/ol>\n<p>\u010ce ne uspete nalo\u017eiti potrdila o dodelitvi dav\u010dne kode:<\/p>\n<ol>\n<li>Registrirajte se na <a href=\"https:\/\/serviziconsolari.esteri.it\/#_blank\">portale FAST IT<\/a> ali pa se prijavite, \u010de \u017ee imate aktiven ra\u010dun;<\/li>\n<li>Prijavite se na \u00bbAssociazione Online\u201d, kliknite na \u00bbAnagrafe Consolare e AIRE\u00ab in nato \u00bbVisualizzare la propria scheda anagrafica\u201d;<\/li>\n<li>V svoj e-nabiralnik boste prejeli potrditveni e-mail.<\/li>\n<li>Ponovno se prijavite v portal in nalo\u017eite potrdilo.<\/li>\n<\/ol>\n<p>Polnoletni dr\u017eavljani, vpisani v AIRE, ki \u017ee imajo dav\u010dno kodo, lahko potrdilo o dodelitvi dav\u010dne \u0161tevilke nalo\u017eijo neposredno prek spletnega portala Fast It tako, da vstopijo do te storitve in sledijo navodilom za pridobitev dav\u010dne kode. V tem primeru konzulat ne bo posredoval pri izdaji potrdila.<\/p>\n<p>Tisti, ki \u017eelijo prejeti tudi kartico z dav\u010dno kodo, morajo zahtevati tako dav\u010dno kodo kot kartico tako, da predlo\u017eijo ustrezen obrazec skupaj s kopijo osebnega dokumenta.<\/p>\n<p>\u010ce se tiskano (papirnato) potrdilo ali plasti\u010dna kartica izgubi ali uni\u010di, lahko zahtevate dvojnik po enakih postopkih kot za njegovo izdajo.<\/p>\n<p>Navodila in obrazci v italijan\u0161\u010dini so na voljo na naslednji spletni strani Agencije za prihodke <a href=\"https:\/\/www.agenziaentrate.gov.it\/portale\/codice-fiscale-e-tessera-sanitaria\/modello-e-istruzioni\">https:\/\/www.agenziaentrate.gov.it\/portale\/codice-fiscale-e-tessera-sanitaria\/modello-e-istruzioni<\/a><\/p>\n<p>Obrazec v angle\u0161\u010dini: <a href=\"https:\/\/amblubiana.esteri.it\/wp-content\/uploads\/2023\/12\/Form-AA48-Editable_AA4_8_Modello_ENG.pdf\">Form AA48 Editable_AA4_8_Modello_ENG<\/a><\/p>\n<p>Obrazec v sloven\u0161\u010dini: <a href=\"https:\/\/www.agenziaentrate.gov.it\/portale\/documents\/20143\/278961\/Obrazec+AA4+8+navodila+za+izpolnjevanje+Istruzioni+per+la+compilazione_AA4_8_istruzioni_SLO.pdf\/2137d173-af22-aa79-cb60-b91f244a70a6\">Form AA4\/8 Informativa SLO<\/a><\/p>\n<p>Ve\u010d informacij na portalu Agencije za prihodke: <a href=\"https:\/\/www.agenziaentrate.gov.it\/portale\/codice-fiscale-e-tessera-sanitaria\/che-cos-\">Schede \u2013 Codice Fiscale e Tessera Sanitaria \u2013 Il Codice Fiscale \u2013 Che cos\u2019\u00e8 e come si ottiene \u2013 Agenzia delle Entrate<\/a><\/p>\n","protected":false},"excerpt":{"rendered":"ITALIJANSKI DR\u017dAVLJANI S PREBIVALI\u0160\u010cEM V TUJINI, VPISANI V AIRE (register italijanskih dr\u017eavljanov s prebivali\u0161\u010dem v tujini) &nbsp; Polnoletni italijanski dr\u017eavljani, ki so vpisani v AIRE, lahko zase in za svoje mladoletne otroke zaprosijo za dav\u010dno \u0161tevilko prek spletnega portala Fast It tako, da se poslu\u017eijo te storitve in sledijo navodilom. Ko je vloga obdelana, lahko [&hellip;]","protected":false},"author":1,"featured_media":0,"parent":204,"menu_order":18,"comment_status":"closed","ping_status":"closed","template":"","meta":{"footnotes":""},"class_list":["post-224","page","type-page","status-publish","hentry"],"_links":{"self":[{"href":"https:\/\/amblubiana.esteri.it\/sl\/wp-json\/wp\/v2\/pages\/224","targetHints":{"allow":["GET"]}}],"collection":[{"href":"https:\/\/amblubiana.esteri.it\/sl\/wp-json\/wp\/v2\/pages"}],"about":[{"href":"https:\/\/amblubiana.esteri.it\/sl\/wp-json\/wp\/v2\/types\/page"}],"author":[{"embeddable":true,"href":"https:\/\/amblubiana.esteri.it\/sl\/wp-json\/wp\/v2\/users\/1"}],"replies":[{"embeddable":true,"href":"https:\/\/amblubiana.esteri.it\/sl\/wp-json\/wp\/v2\/comments?post=224"}],"version-history":[{"count":3,"href":"https:\/\/amblubiana.esteri.it\/sl\/wp-json\/wp\/v2\/pages\/224\/revisions"}],"predecessor-version":[{"id":6113,"href":"https:\/\/amblubiana.esteri.it\/sl\/wp-json\/wp\/v2\/pages\/224\/revisions\/6113"}],"up":[{"embeddable":true,"href":"https:\/\/amblubiana.esteri.it\/sl\/wp-json\/wp\/v2\/pages\/204"}],"wp:attachment":[{"href":"https:\/\/amblubiana.esteri.it\/sl\/wp-json\/wp\/v2\/media?parent=224"}],"curies":[{"name":"wp","href":"https:\/\/api.w.org\/{rel}","templated":true}]}}