{"id":3926,"date":"2024-01-04T13:42:10","date_gmt":"2024-01-04T12:42:10","guid":{"rendered":"https:\/\/amblubiana.esteri.it\/?page_id=3926"},"modified":"2026-03-10T12:36:46","modified_gmt":"2026-03-10T11:36:46","slug":"davcna-stevilka","status":"publish","type":"page","link":"https:\/\/amblubiana.esteri.it\/sl\/servizi-consolari-e-visti\/servizi-per-il-cittadino-straniero\/davcna-stevilka\/","title":{"rendered":"Dav\u010dna \u0161tevilka"},"content":{"rendered":"<p><strong>Dav\u010dna \u0161tevilka je enotna identifikacijska koda, ki se uporablja pri vseh stikih z italijanskimi javnimi organi in institucijami.<\/strong><\/p>\n<p>Tuji dr\u017eavljani, ki nimajo stalnega prebivali\u0161\u010da v Italiji, lahko zaprosijo za dav\u010dno kodo na naslednje na\u010dine:<\/p>\n<p>1) preko <strong>italijanskega konzulata, ki deluje na obmo\u010dju, kjer imajo stalno prebivali\u0161\u010de<\/strong>.<\/p>\n<p>Tuji dr\u017eavljani lahko zaprosijo za dav\u010dno \u0161tevilko <strong>pri italijanskem konzulatu, ki deluje na obmo\u010dju, kjer prebivajo, le v primeru,<\/strong> da je dav\u010dna \u0161tevilka potrebna <strong>za spletne postopke oz. v primeru, da tuji dr\u017eavljan ne more pooblastiti zastopnika<\/strong> za vlo\u017eitev zahteve pri dav\u010dni upravi. V tem primeru bo konzularni urad zahtevo posredoval dav\u010dni upravi (Agenciji za prihodke) v Italiji. Pri tem se je potrebno obrniti na konzularni urad na naslov consolare.lubiana@esteri.it.<\/p>\n<p>Zahtevi za dav\u010dno \u0161tevilko, ki jo je treba vlo\u017eiti z izpolnitvijo ustreznega <strong>obrazca<\/strong>, je treba prilo\u017eiti <strong>kopijo osebnega dokumenta<\/strong> in hkrati napisati <strong>utemeljitev<\/strong>.<\/p>\n<p>2) s <strong>posebnim pooblastilom<\/strong>, preko katerega dovoljujete, da se obrazec z zahtevo za dav\u010dno \u0161tevilko predlo\u017ei neposredno na <strong>okenca Agencije za prihodke<\/strong> v Italiji, v skladu s 1. \u010dlenom izvedbenega ministrskega odloka z dne 17. maja 2001, \u0161t. 281.<\/p>\n<p>Naslove okenc Agencije za prihodke najdete na spletni strani\u00a0<a href=\"http:\/\/www.agenziaentrate.it\/\">www.agenziaentrate.it<\/a><\/p>\n<p>Za legalizacijo tujih dokumentov: <a href=\"https:\/\/www.esteri.it\/it\/servizi-consolari-e-visti\/italiani-all-estero\/traduzione-e-legalizzazione-documenti\/legalizzazione-documenti\/\">Legalizzazione documenti \u2013 Ministero degli Affari Esteri e della Cooperazione Internazionale<\/a><\/p>\n<p><strong>3)neposredno na okenca Agencije za prihodke (Agenzia delle Entrate) <\/strong>v Italiji, po vstopu v dr\u017eavo.<\/p>\n<p>Za ve\u010d informacij obi\u0161\u010dite spletno stran <a href=\"https:\/\/www.agenziaentrate.gov.it\/portale\/documents\/20143\/233505\/Folder_CodiceFiscaleStranieri_08+03+23.pdf\/218dc638-ced1-3b2d-f5f2-912686b1f7fe?t=1682082253716\">Mini Guida al codice fiscale per stranieri<\/a> Agencije za prihodke, ki nudi napotke v ve\u010d jezikih: <a href=\"https:\/\/www.agenziaentrate.gov.it\/portale\/mini-guida-codice-fiscale-per-stranieri\">L&#8217;Agenzia &#8211; Mini guida codice fiscale per stranieri &#8211; Agenzia delle Entrate<\/a><\/p>\n<p>Poudarki:<\/p>\n<p><strong>Dr\u017eavljani EU, ki nameravajo prebivati \u200b\u200bv Italij<\/strong>i, lahko zaprosijo za dav\u010dno \u0161tevilko (codice fiscale) tako, da obrazec AA4\/8 predlo\u017eijo lokalno pristojnemu okencu Agencije za prihodke. Zahteva mora biti utemeljena; pri tem je treba prilo\u017eiti veljaven dokument (potni list ali osebno izkaznico, veljavno za potovanje v tujino).<\/p>\n<p><strong>Dr\u017eavljanom dr\u017eav zunaj EU, ki nameravajo prebivati \u200b\u200bv Italiji,<\/strong> dodeli dav\u010dno \u0161tevilko (codice fiscale):<\/p>\n<p>\u2013 slu\u017eba za pomo\u010d priseljencem (Sportello unico per l\u2019immigrazione), ki deluje v vsaki prefekturi in je odgovorna za izdajo vstopnih dovoljenj tujim dr\u017eavljanom, ki zaprosijo za dovoljenje za prebivanje zaradi zaposlitve ali zdru\u017eitve dru\u017eine;<\/p>\n<p>\u2013 policijska uprava (Questura); le-ta sprejama pro\u0161nje tujih dr\u017eavljanov, ki zaprosijo za druge vrste dovoljenj za prebivanje.<\/p>\n<p>Tuji dr\u017eavljan, ki potrebuje dav\u010dno \u0161tevilko za <strong>za\u010detek sodnega postopka<\/strong> v Italiji, lahko pooblasti svojega odvetnika, da zaprosi za dav\u010dno \u0161tevilko na katerem koli okencu Agencije za prihodke. Naslovi okenc Agencije za prihodke so na voljo na spletni strani <a href=\"http:\/\/www.agenziaentrate.it\/\">www.agenziaentrate.it<\/a><\/p>\n<p>&nbsp;<\/p>\n<p><strong><u>\u0160tudijski nameni<\/u><\/strong><\/p>\n<p>Tuji dr\u017eavljani, ki prihajajo v Italijo zaradi \u0161tudija in nameravajo ostati manj kot 90 dni, lahko zaprosijo za dav\u010dno \u0161tevilko pri katerem koli okencu dav\u010dne uprave (Agencije za prihodke).<\/p>\n<p>Tuji dr\u017eavljani, ki prihajajo v Italijo zaradi \u0161tudija in nameravajo ostati ve\u010d kot 90 dni, morajo najprej zaprositi za dovoljenje za bivanje pri policijski upravi (questura); pri tem bodo prejeli dav\u010dno \u0161evilko.<\/p>\n<p>&nbsp;<\/p>\n<p>Navodila in obrazci v italijanskem jeziku: <a href=\"https:\/\/www.agenziaentrate.gov.it\/portale\/codice-fiscale-e-tessera-sanitaria\/modello-e-istruzioni\">Schede \u2013 Codice Fiscale e Tessera Sanitaria \u2013 Modello e istruzioni \u2013 Agenzia delle Entrate<\/a><\/p>\n<p>Navodila in obrazci v angle\u0161kem jeziku: <a href=\"https:\/\/www.agenziaentrate.gov.it\/portale\/forms-versione-in-inglese-\">Schede \u2013 Forms (versione in inglese) \u2013 Agenzia delle Entrate<\/a><\/p>\n<p>Navodila in obrazci v slovenskem jeziku: <a href=\"https:\/\/www.agenziaentrate.gov.it\/portale\/obrazci-versione-in-sloveno-\">Schede \u2013 Obrazci (versione in sloveno) \u2013 Agenzia delle Entrate<\/a><\/p>\n<p>Za ve\u010d informacij obi\u0161\u010dite spletno stran Agencije za prihodke: <a href=\"https:\/\/www.agenziaentrate.gov.it\/portale\/codice-fiscale-e-tessera-sanitaria\/che-cos-\">Schede \u2013 Codice Fiscale e Tessera Sanitaria \u2013 Il Codice Fiscale \u2013 Che cos\u2019\u00e8 e come si ottiene \u2013 Agenzia delle Entrate<\/a><\/p>\n<p>&nbsp;<\/p>\n<p>&nbsp;<\/p>\n","protected":false},"excerpt":{"rendered":"Dav\u010dna \u0161tevilka je enotna identifikacijska koda, ki se uporablja pri vseh stikih z italijanskimi javnimi organi in institucijami. Tuji dr\u017eavljani, ki nimajo stalnega prebivali\u0161\u010da v Italiji, lahko zaprosijo za dav\u010dno kodo na naslednje na\u010dine: 1) preko italijanskega konzulata, ki deluje na obmo\u010dju, kjer imajo stalno prebivali\u0161\u010de. Tuji dr\u017eavljani lahko zaprosijo za dav\u010dno \u0161tevilko pri italijanskem [&hellip;]","protected":false},"author":6,"featured_media":0,"parent":230,"menu_order":0,"comment_status":"closed","ping_status":"closed","template":"","meta":{"footnotes":""},"class_list":["post-3926","page","type-page","status-publish","hentry"],"_links":{"self":[{"href":"https:\/\/amblubiana.esteri.it\/sl\/wp-json\/wp\/v2\/pages\/3926","targetHints":{"allow":["GET"]}}],"collection":[{"href":"https:\/\/amblubiana.esteri.it\/sl\/wp-json\/wp\/v2\/pages"}],"about":[{"href":"https:\/\/amblubiana.esteri.it\/sl\/wp-json\/wp\/v2\/types\/page"}],"author":[{"embeddable":true,"href":"https:\/\/amblubiana.esteri.it\/sl\/wp-json\/wp\/v2\/users\/6"}],"replies":[{"embeddable":true,"href":"https:\/\/amblubiana.esteri.it\/sl\/wp-json\/wp\/v2\/comments?post=3926"}],"version-history":[{"count":4,"href":"https:\/\/amblubiana.esteri.it\/sl\/wp-json\/wp\/v2\/pages\/3926\/revisions"}],"predecessor-version":[{"id":6119,"href":"https:\/\/amblubiana.esteri.it\/sl\/wp-json\/wp\/v2\/pages\/3926\/revisions\/6119"}],"up":[{"embeddable":true,"href":"https:\/\/amblubiana.esteri.it\/sl\/wp-json\/wp\/v2\/pages\/230"}],"wp:attachment":[{"href":"https:\/\/amblubiana.esteri.it\/sl\/wp-json\/wp\/v2\/media?parent=3926"}],"curies":[{"name":"wp","href":"https:\/\/api.w.org\/{rel}","templated":true}]}}