{"id":474,"date":"2023-11-10T14:32:31","date_gmt":"2023-11-10T13:32:31","guid":{"rendered":"https:\/\/amblubiana.esteri.it\/italia-e-slovenia\/rapporti-politici\/"},"modified":"2023-12-19T15:15:06","modified_gmt":"2023-12-19T14:15:06","slug":"rapporti-politici","status":"publish","type":"page","link":"https:\/\/amblubiana.esteri.it\/sl\/italia-e-slovenia\/rapporti-politici\/","title":{"rendered":"Politi\u010dni odnosi"},"content":{"rendered":"<p class=\"boxlevel03\">Politi\u010dno sodelovanje je osredinjeno na zasedanja koordinacijskega odbora ministrov obeh vlad, ustanovljenega leta 2007 z memorandumom o dvostranskem sodelovanju. Zadnje, sedmo zasedanje je potekalo v Rimu 14. junija 2021.<\/p>\n<p class=\"boxlevel03\">Med prednostne strate\u0161ke interese Italije in Slovenije spada utrditev stabilnosti in razvoj balkanske regije; pri tem podpirata ambicije dr\u017eav tega obmo\u010dja, da pristopijo v Evropsko unijo.<\/p>\n<p class=\"boxlevel03\">Politi\u010dno sodelovanje med Italijo in Slovenijo zaznamuje tudi delovanje v okviru NATO in EU; to temelji na skupnih vrednotah demokracije, pravne dr\u017eave in vladavine prava v mednarodnem merilu, multilateralizmu in spo\u0161tovanju \u010dlovekovih pravic. Obe dr\u017eavi imata podobna stali\u0161\u010da in skupne interese do \u0161tevilnih vpra\u0161anj, od \u0161iritve EU do Zahodnega Balkana in konflikta v Ukrajini.<\/p>\n<p class=\"boxlevel03\">Sre\u010danje, ki ga je opravil 17. marca 2023 v Ljubljani podpredsednik italijanske vlade in minister za zunanje zadeve in mednarodno sodelovanje Antonio Tajani ter prvi uradni obisk predsednice Republike Slovenije Nata\u0161e Pirc Musar v Rimu, kjer je imela pogovore z italijanskim predsednikom republike Sergiom Mattarello, so pomembno pospe\u0161ili in okrepili dvostranske odnose med Rimom in Ljubljano po spremembah v in\u0161titucionalnem vrhu v obeh dr\u017eavah v letu 2022.<\/p>\n<p>Slovenija,skupaj s Hrva\u0161ko in Italijo, sodeluje v severnojadranski Trilaterali; le-ta sega na strate\u0161ka podro\u010dja, kot so prometne povezave in prevozi, varstvo okolja, varnost v pomorskem prometu in sodelovanje med pristani\u0161\u010di.<\/p>\n<p><img decoding=\"async\" src=\"https:\/\/amblubiana.esteri.it\/wp-content\/uploads\/2023\/12\/tajano-fajon.jpg\" \/><\/p>\n","protected":false},"excerpt":{"rendered":"Politi\u010dno sodelovanje je osredinjeno na zasedanja koordinacijskega odbora ministrov obeh vlad, ustanovljenega leta 2007 z memorandumom o dvostranskem sodelovanju. Zadnje, sedmo zasedanje je potekalo v Rimu 14. junija 2021. Med prednostne strate\u0161ke interese Italije in Slovenije spada utrditev stabilnosti in razvoj balkanske regije; pri tem podpirata ambicije dr\u017eav tega obmo\u010dja, da pristopijo v Evropsko unijo. [&hellip;]","protected":false},"author":12,"featured_media":0,"parent":200,"menu_order":10,"comment_status":"closed","ping_status":"closed","template":"","meta":{"footnotes":""},"class_list":["post-474","page","type-page","status-publish","hentry"],"_links":{"self":[{"href":"https:\/\/amblubiana.esteri.it\/sl\/wp-json\/wp\/v2\/pages\/474","targetHints":{"allow":["GET"]}}],"collection":[{"href":"https:\/\/amblubiana.esteri.it\/sl\/wp-json\/wp\/v2\/pages"}],"about":[{"href":"https:\/\/amblubiana.esteri.it\/sl\/wp-json\/wp\/v2\/types\/page"}],"author":[{"embeddable":true,"href":"https:\/\/amblubiana.esteri.it\/sl\/wp-json\/wp\/v2\/users\/12"}],"replies":[{"embeddable":true,"href":"https:\/\/amblubiana.esteri.it\/sl\/wp-json\/wp\/v2\/comments?post=474"}],"version-history":[{"count":4,"href":"https:\/\/amblubiana.esteri.it\/sl\/wp-json\/wp\/v2\/pages\/474\/revisions"}],"predecessor-version":[{"id":3879,"href":"https:\/\/amblubiana.esteri.it\/sl\/wp-json\/wp\/v2\/pages\/474\/revisions\/3879"}],"up":[{"embeddable":true,"href":"https:\/\/amblubiana.esteri.it\/sl\/wp-json\/wp\/v2\/pages\/200"}],"wp:attachment":[{"href":"https:\/\/amblubiana.esteri.it\/sl\/wp-json\/wp\/v2\/media?parent=474"}],"curies":[{"name":"wp","href":"https:\/\/api.w.org\/{rel}","templated":true}]}}