{"id":5483,"date":"2024-01-23T14:46:13","date_gmt":"2024-01-23T13:46:13","guid":{"rendered":"https:\/\/amblubiana.esteri.it\/?page_id=5483"},"modified":"2025-07-10T13:47:21","modified_gmt":"2025-07-10T11:47:21","slug":"anagrafe-italiani-residenti-allestero-a-i-r-e","status":"publish","type":"page","link":"https:\/\/amblubiana.esteri.it\/sl\/servizi-consolari-e-visti\/servizi-per-il-cittadino-italiano\/anagrafe-italiani-residenti-allestero-a-i-r-e\/","title":{"rendered":"Anagrafe Italiani Residenti all&#8217;Estero (A.I.R.E.)"},"content":{"rendered":"<p><strong>Anagrafe Italiani Residenti all\u2019Estero (A.I.R.E.)<\/strong><\/p>\n<p>L\u2019Anagrafe degli Italiani Residenti all\u2019Estero (A.I.R.E.) \u00e8 stata istituita con legge 27 ottobre 1988, n. 470 e contiene i dati dei cittadini italiani che risiedono all\u2019estero per un periodo superiore a dodici mesi. Essa \u00e8 gestita dai Comuni in Italia sulla base dei dati e delle informazioni provenienti dalle Rappresentanze consolari all\u2019estero.<br \/>\nL\u2019iscrizione all\u2019A.I.R.E. \u00e8 un diritto-dovere del cittadino (art. 6 legge 470\/1988) e costituisce il presupposto per usufruire di una serie di servizi forniti dalle Rappresentanze consolari all\u2019estero, nonch\u00e9 per l\u2019esercizio di importanti diritti, quali per esempio:<br \/>\n\u2022 la possibilit\u00e0 di votare per elezioni politiche e referendum per corrispondenza nel Paese di residenza, e per l\u2019elezione dei rappresentanti italiani al Parlamento Europeo nei seggi istituiti dalla rete diplomatico-consolare nei Paesi appartenenti all\u2019U.E.;<br \/>\n\u2022 la possibilit\u00e0 di ottenere il rilascio di documenti di identit\u00e0 e di viaggio, nonch\u00e9 certificazioni legate alla residenza.<\/p>\n<p><strong>Devono iscriversi all\u2019A.I.R.E.:<\/strong><\/p>\n<ul>\n<li>i cittadini che trasferiscono la propria residenza all\u2019estero per periodi superiori a 12 mesi;<br \/>\n\u2022 quelli che gi\u00e0 vi risiedono, sia perch\u00e9 nati all\u2019estero che per successivo acquisto della cittadinanza italiana a qualsiasi titolo.<\/li>\n<\/ul>\n<p><strong>Non devono iscriversi all\u2019A.I.R.E.:<\/strong><\/p>\n<ul>\n<li>le persone che si recano all\u2019estero per un periodo di tempo inferiore ad un anno;<br \/>\n\u2022 i lavoratori stagionali;<br \/>\n\u2022 i dipendenti di ruolo dello Stato in servizio all\u2019estero, che siano notificati ai sensi delle Convenzioni di Vienna sulle relazioni diplomatiche e sulle relazioni consolari rispettivamente del 1961 e del 1963;<br \/>\n\u2022 i militari italiani in servizio presso gli uffici e le strutture della NATO dislocate all\u2019estero.<\/li>\n<\/ul>\n<p>L\u2019iscrizione all\u2019A.I.R.E. \u00e8 effettuata a seguito di dichiarazione resa dall\u2019interessato all\u2019Ufficio consolare competente per territorio entro 90 giorni dal trasferimento della residenza e comporta la contestuale cancellazione dall\u2019Anagrafe della Popolazione Residente (A.P.R.) del Comune di provenienza.<\/p>\n<p>Si informa che, a partire dal 1 gennaio 2024, ai sensi dell\u2019art. 1, comma 242, della Legge n. 213 del 30 dicembre 2023, i connazionali che trasferiscono la propria residenza all\u2019estero senza procedere all\u2019iscrizione A.I.R.E. entro il termine previsto di 90 giorni sono soggetti a sanzione amministrativa pecuniaria fino a 1.000,00 Euro per ogni anno di mancata iscrizione e per un massimo di 5 anni. Si segnala inoltre che l\u2019Autorit\u00e0 competente all\u2019accertamento e all\u2019eventuale irrogazione della sanzione \u00e8 il Comune nella cui anagrafe \u00e8 iscritto il trasgressore.<br \/>\nLa richiesta va effettuata attraverso il portale <strong>Fast.it<\/strong> [<a href=\"https:\/\/serviziconsolari.esteri.it\/ScoFE\/index.sco\">https:\/\/serviziconsolari.esteri.it\/ScoFE\/index.sco<\/a>] allegando la documentazione richiesta (domanda firmata, copia di un documento d\u2019identit\u00e0 e copia di un certificato di residenza). In assenza di tale certificato rilasciato dalle Autorit\u00e0 slovene, possono essere presentate prove di residenza che attestino\u00a0 la fissazione della dimora abituale all\u2019estero (per esempio, utenze domestiche\u00a0 e\/o contratto d\u2019affitto) e che confermino l\u2019indirizzo dichiarato. Non allegare fotografie perch\u00e9 il sistema prevede che gli allegati debbano avere una dimensione limitata.<br \/>\nL\u2019iscrizione pu\u00f2 anche avvenire d\u2019ufficio, sulla base di informazioni di cui l\u2019Ufficio consolare sia venuto a conoscenza.<br \/>\nL\u2019iscrizione all\u2019A.I.R.E. \u00e8 GRATUITA.<\/p>\n<p><strong>L\u2019aggiornamento dell\u2019A.I.R.E. dipende dal cittadino.<\/strong><\/p>\n<p>L\u2019interessato deve comunicare tempestivamente all\u2019ufficio consolare:<br \/>\n\u2022 il trasferimento della propria residenza o abitazione all\u2019estero;<br \/>\n\u2022 le modifiche dello stato civile anche per l\u2019eventuale trascrizione in Italia degli atti stranieri (matrimonio, nascita, divorzio, morte, ecc.);<br \/>\n\u2022 la perdita della cittadinanza italiana.<\/p>\n<p>I cittadini iscritti all\u2019AIRE che rientrano definitivamente in Italia dovranno presentarsi presso il Comune Italiano dove hanno deciso di stabilirsi per dichiarare il nuovo indirizzo di residenza. Nella stessa data il Comune provveder\u00e0 alla cancellazione dall\u2019AIRE con contestuale iscrizione in APR (Anagrafe Popolazione Residente). Sar\u00e0 cura del Comune comunicare ufficialmente la data di decorrenza del rimpatrio al Consolato di provenienza che registrer\u00e0 nei propri schedari consolari il rimpatrio.<\/p>\n<p>Il mancato aggiornamento delle informazioni, in particolare di quelle riguardanti il cambio di indirizzo, rende impossibile il contatto con il cittadino e il ricevimento della cartolina o del plico elettorale in caso di votazioni.<\/p>\n<p>\u00c8 importante che il connazionale comunichi il proprio indirizzo in modo corretto e completo attenendosi alle norme postali del Paese di residenza.<\/p>\n<p>La cancellazione dall\u2019A.I.R.E. avviene:per iscrizione nell\u2019Anagrafe della Popolazione Residente (A.P.R.) di un Comune italiano a seguito di trasferimento dall\u2019estero o rimpatrio;<br \/>\n\u2022 per morte, compresa la morte presunta giudizialmente dichiarata;<br \/>\n\u2022 per irreperibilit\u00e0 presunta, salvo prova contraria, trascorsi cento anni dalla nascita o dopo la effettuazione di due successive rilevazioni, oppure quando risulti non pi\u00f9 valido l\u2019indirizzo all\u2019estero comunicato in precedenza e non sia possibile acquisire quello nuovo;<br \/>\n\u2022 per perdita della cittadinanza italiana.<\/p>\n<p><strong>Variazione indirizzo residenza per i cittadini italiani gi\u00e0 iscritti in AIRE<\/strong><\/p>\n<p>L\u2019aggiornamento dell\u2019A.I.R.E. dipende dal cittadino che deve\u00a0<strong>tempestivamente comunicare all\u2019ufficio consolare ogni variazione d\u2019indirizzo<\/strong>.<\/p>\n<p>Per effettuare le variazioni d\u2019indirizzo \u00e8 necessario essere registrati sul Portale\u00a0<a href=\"https:\/\/serviziconsolarionline.esteri.it\/\">Fast It<\/a>, non \u00e8 necessario avere lo spid o la carta d\u2019identit\u00e0 elettronica.<\/p>\n<p>Gli utenti gi\u00e0 in possesso di un account\u00a0<a href=\"https:\/\/serviziconsolari.esteri.it\/ScoFE\/index.sco\">Fast it<\/a>\u00a0potranno procedere direttamente alla richiesta di variazione di indirizzo\u00a0<strong>utilizzando il servizio \u201cComunicare la Variazione della propria Residenza\u201d.<\/strong><\/p>\n<p>Per coloro che non fossero gi\u00e0 in possesso di un account\u00a0<a href=\"https:\/\/serviziconsolari.esteri.it\/ScoFE\/index.sco\">Fast it<\/a>, \u00e8 necessario effettuare la registrazione al portale e attivare\u00a0il proprio account, richiedendo l\u2019accesso alla propria scheda consolare selezionando \u201cAnagrafe Consolare e AIRE\u201d e poi \u201d Visualizzare la propria scheda anagrafica\u201d.<\/p>\n<p>Trasmettere unicamente un documento di identit\u00e0 (anche se scaduto o straniero) e attendere la validazione.<\/p>\n<p>Dopo aver ricevuto l\u2019autorizzazione di accesso alla propria scheda anagrafica sar\u00e0 possibile segnalare la variazione del proprio indirizzo estero (solo per s\u00e9 stesso oppure per tutto o parte del nucleo familiare visualizzato)\u00a0<strong>utilizzando il servizio \u201cComunicare la Variazione della propria Residenza\u201d<\/strong>.<\/p>\n<p>DOCUMENTI NECESSARI (da caricare sul portale\u00a0<a href=\"https:\/\/serviziconsolari.esteri.it\/ScoFE\/index.sco\">Fast It<\/a>\u00a0dopo aver eseguito la scansione):<\/p>\n<ol>\n<li>fotocopia di passaporto e\/o della carta d\u2019identit\u00e0 (in mancanza di documenti italiani, sar\u00e0 accettato un documento di identit\u00e0 straniero completo di tutte le generalit\u00e0);<\/li>\n<li>documento recente comprovante la residenza degli interessati nella circoscrizione consolare di Lubiana (Certificato di residenza sloveno, carta d\u2019identit\u00e0 slovena o permesso di soggiorno sloveno dove sia riportato l\u2019attuale indirizzo di residenza, lettera ricevuta per posta a proprio nome da gestori di pubblici servizi sloveni oppure Enti di gestione forniture elettriche, gas, telefono, contratti di acquisto o di locazione per i cittadini di recente emigrazione).<\/li>\n<li>comunicazione cambio residenza <u>ricomprendente tutti i membri del nucleo famigliare<\/u> per i quali avviene la variazione (generata dal programma, stampata, sottoscritta manualmente e allegata).<\/li>\n<\/ol>\n<p>Riferimenti normativi:<\/p>\n<ul>\n<li>art.4 e art.6, comma 3 della Legge n.470\/1988;<\/li>\n<li>dell\u2019art. 1, comma 242, della Legge n. 213 del 30 dicembre 2023<\/li>\n<\/ul>\n","protected":false},"excerpt":{"rendered":"Anagrafe Italiani Residenti all\u2019Estero (A.I.R.E.) L\u2019Anagrafe degli Italiani Residenti all\u2019Estero (A.I.R.E.) \u00e8 stata istituita con legge 27 ottobre 1988, n. 470 e contiene i dati dei cittadini italiani che risiedono all\u2019estero per un periodo superiore a dodici mesi. Essa \u00e8 gestita dai Comuni in Italia sulla base dei dati e delle informazioni provenienti dalle Rappresentanze [&hellip;]","protected":false},"author":6,"featured_media":0,"parent":204,"menu_order":0,"comment_status":"closed","ping_status":"closed","template":"","meta":{"footnotes":""},"class_list":["post-5483","page","type-page","status-publish","hentry"],"_links":{"self":[{"href":"https:\/\/amblubiana.esteri.it\/sl\/wp-json\/wp\/v2\/pages\/5483","targetHints":{"allow":["GET"]}}],"collection":[{"href":"https:\/\/amblubiana.esteri.it\/sl\/wp-json\/wp\/v2\/pages"}],"about":[{"href":"https:\/\/amblubiana.esteri.it\/sl\/wp-json\/wp\/v2\/types\/page"}],"author":[{"embeddable":true,"href":"https:\/\/amblubiana.esteri.it\/sl\/wp-json\/wp\/v2\/users\/6"}],"replies":[{"embeddable":true,"href":"https:\/\/amblubiana.esteri.it\/sl\/wp-json\/wp\/v2\/comments?post=5483"}],"version-history":[{"count":1,"href":"https:\/\/amblubiana.esteri.it\/sl\/wp-json\/wp\/v2\/pages\/5483\/revisions"}],"predecessor-version":[{"id":5484,"href":"https:\/\/amblubiana.esteri.it\/sl\/wp-json\/wp\/v2\/pages\/5483\/revisions\/5484"}],"up":[{"embeddable":true,"href":"https:\/\/amblubiana.esteri.it\/sl\/wp-json\/wp\/v2\/pages\/204"}],"wp:attachment":[{"href":"https:\/\/amblubiana.esteri.it\/sl\/wp-json\/wp\/v2\/media?parent=5483"}],"curies":[{"name":"wp","href":"https:\/\/api.w.org\/{rel}","templated":true}]}}